{"id":7537,"date":"2025-08-12T07:06:58","date_gmt":"2025-08-12T07:06:58","guid":{"rendered":"https:\/\/canarias-lovers.com\/gran-canaria-canarias\/"},"modified":"2026-01-18T09:57:54","modified_gmt":"2026-01-18T09:57:54","slug":"gran-canaria-canarias","status":"publish","type":"page","link":"https:\/\/canarias-lovers.com\/sv\/gran-canaria-canarias\/","title":{"rendered":"Gran Canaria: allt du beh\u00f6ver f\u00f6r att planera din resa"},"content":{"rendered":"\n<p><br\/>B\u00f6rja h\u00e4r!<br\/>H\u00e4r \u00e4r v\u00e5ra viktigaste artiklar som hj\u00e4lper dig att planera din resa till Gran Canaria.<br\/>Helt enkelt.<\/p>\n\n<h2 class=\"wp-block-heading\"><span class=\"ez-toc-section\" id=\"1_Bestam_om_Gran_Canaria_ar_ratt_resmal_for_dig_och_nar_du_ska_aka\"><\/span>1. Best\u00e4m om Gran Canaria \u00e4r r\u00e4tt resm\u00e5l f\u00f6r dig och n\u00e4r du ska \u00e5ka<span class=\"ez-toc-section-end\"><\/span><\/h2>\n\n<p><a href=\"https:\/\/canarias-lovers.com\/sv\/vafor-besoka-gran-canaria-vart\/\" target=\"_blank\" rel=\"noreferrer noopener\">Varf\u00f6r \u00e5ka till Gran Canaria<\/a><br\/><a href=\"https:\/\/canarias-lovers.com\/sv\/landskap-gran-canaria-foton\/\" target=\"_blank\" rel=\"noreferrer noopener\">De vackraste landskapen<\/a><br\/><a href=\"https:\/\/canarias-lovers.com\/sv\/sevardheter-gran-canaria-att-gora\/\" target=\"_blank\" rel=\"noreferrer noopener\">Sev\u00e4rdheter p\u00e5 Gran Canaria<\/a><br\/><a href=\"https:\/\/canarias-lovers.com\/sv\/nar-ska-man-aka-gran-canaria-vader\/\" target=\"_blank\" rel=\"noreferrer noopener\">N\u00e4r ska du \u00e5ka?<\/a><br\/><a href=\"https:\/\/canarias-lovers.com\/sv\/hur-manga-dagar-gran-canaria\/\" target=\"_blank\" rel=\"noreferrer noopener\">Hur m\u00e5nga dagar<\/a><br\/><a href=\"https:\/\/canarias-lovers.com\/sv\/gran-canaria-sakert-faror\/\" target=\"_blank\" rel=\"noreferrer noopener\">Hur s\u00e4kert \u00e4r Gran Canaria?<\/a><br\/><a href=\"https:\/\/canarias-lovers.com\/sv\/besok-gran-canaria-vintern-vader-sol-jul\/\" target=\"_blank\" rel=\"noreferrer noopener\">Gran Canaria p\u00e5 vintern<\/a><\/p>\n\n<figure class=\"wp-block-image size-large\"><img decoding=\"async\" src=\"https:\/\/photos.smugmug.com\/Canarias-Lovers\/Gran-Canaria\/Best\/Hikes-nature\/i-WfQrQxZ\/0\/CrLgzm4q4HRMC5sgWkknswwBcbqQsZvGmwSzVLxfS\/L\/maspalomas-dunes-beach-L.jpg\" alt=\"Maspalomas sanddyner\"\/><\/figure>\n\n<h2 class=\"wp-block-heading\"><span class=\"ez-toc-section\" id=\"2_Valj_var_du_ska_bo\"><\/span>2. V\u00e4lj var du ska bo<span class=\"ez-toc-section-end\"><\/span><\/h2>\n\n<p><a href=\"https:\/\/canarias-lovers.com\/sv\/var-ska-bo-gran-canaria-basta-omradena\/\" target=\"_blank\" rel=\"noreferrer noopener\">Var man kan bo p\u00e5 Gran Canaria<\/a><br\/><a href=\"https:\/\/canarias-lovers.com\/sv\/gran-canaria-norr-eller-soder\/\" target=\"_blank\" rel=\"noreferrer noopener\">Gran Canaria: Norr eller s\u00f6der?<\/a><\/p>\n\n<p><a href=\"https:\/\/canarias-lovers.com\/sv\/basta-5-stjarniga-hotellen-gran-canaria-lyx-recensioner\/\" target=\"_blank\" rel=\"noreferrer noopener\">5-stj\u00e4rniga hotell<\/a><br\/><a href=\"https:\/\/canarias-lovers.com\/sv\/basta-boutique-hotellen-gran-canaria-charm\/\" target=\"_blank\" rel=\"noreferrer noopener\">Boutique-hotell<\/a><br\/><a href=\"https:\/\/canarias-lovers.com\/sv\/basta-familjehotellen-gran-canaria-barnen-recensioner\/\" target=\"_blank\" rel=\"noreferrer noopener\">Hotell f\u00f6r familjer<\/a><br\/><a href=\"https:\/\/canarias-lovers.com\/sv\/basta-hotell-endast-vuxna-adults-only-gran-canaria\/\" target=\"_blank\" rel=\"noreferrer noopener\">B\u00e4sta hotell endast f\u00f6r vuxna<\/a><\/p>\n\n<h2 class=\"wp-block-heading\"><span class=\"ez-toc-section\" id=\"3_Resplaner_inspiration_for_planering\"><\/span>3. Resplaner: inspiration f\u00f6r planering<span class=\"ez-toc-section-end\"><\/span><\/h2>\n\n<p>3 dagar<br\/>4 dagar  <br\/><a href=\"https:\/\/canarias-lovers.com\/sv\/besok-5-dagar-gran-canaria-resvagar\/\" target=\"_blank\" rel=\"noreferrer noopener\">5 dagar<\/a> <br\/><a href=\"https:\/\/canarias-lovers.com\/sv\/besok-gran-canaria-6-dagar-resvagar\/\" target=\"_blank\" rel=\"noreferrer noopener\">6 dagar<\/a> <br\/><a href=\"https:\/\/canarias-lovers.com\/sv\/besok-gran-canaria-en-vecka-resplan\/\" target=\"_blank\" rel=\"noreferrer noopener\">1 vecka<\/a> <br\/><a href=\"https:\/\/canarias-lovers.com\/sv\/besok-10-dagar-gran-canaria-resplan\/\" target=\"_blank\" rel=\"noreferrer noopener\">10 dagar<\/a><\/p>\n\n<figure class=\"wp-block-image size-large\"><img decoding=\"async\" src=\"https:\/\/photos.smugmug.com\/Canarias-Lovers\/Gran-Canaria\/Best\/Hikes-nature\/i-6sD8Xjg\/0\/9NRcmdWfzG8qSzFDZZWzVnZddGVSpKqRrmtGBzfw\/L\/Roque-nublo-2-L.jpg\" alt=\"Roque Nublo\"\/><\/figure>\n\n<h2 class=\"wp-block-heading\"><span class=\"ez-toc-section\" id=\"4_Valj_dina_favoritattraktioner\"><\/span>4. V\u00e4lj dina favoritattraktioner<span class=\"ez-toc-section-end\"><\/span><\/h2>\n\n<p><a href=\"https:\/\/canarias-lovers.com\/sv\/basta-staderna-gran-canaria-byarna\/\" target=\"_blank\" rel=\"noreferrer noopener\">De vackraste st\u00e4derna (och byarna)<\/a><br\/><a href=\"https:\/\/canarias-lovers.com\/sv\/basta-stranderna-gran-canaria\/\" target=\"_blank\" rel=\"noreferrer noopener\">De vackraste str\u00e4nderna<\/a><br\/><a href=\"https:\/\/canarias-lovers.com\/sv\/naturliga-pooler-gran-canaria-laguner\/\" target=\"_blank\" rel=\"noreferrer noopener\">B\u00e4sta naturliga pooler<\/a><br\/><a href=\"https:\/\/canarias-lovers.com\/sv\/arkeologiska-utgravningar-gran-canaria\/\" target=\"_blank\" rel=\"noreferrer noopener\">Arkeologiska platser<\/a><br\/><a href=\"https:\/\/canarias-lovers.com\/sv\/basta-restaurang-gran-canaria-ata-omdomen\/\" target=\"_blank\" rel=\"noreferrer noopener\">B\u00e4sta restaurangerna<\/a><br\/><a href=\"https:\/\/canarias-lovers.com\/sv\/basta-museerna-gran-canaria\/\" target=\"_blank\" rel=\"noreferrer noopener\">B\u00e4sta museerna<\/a><br\/><a href=\"https:\/\/canarias-lovers.com\/sv\/gran-canaria-gomda-parlor-hemliga-platser\/\" target=\"_blank\" rel=\"noreferrer noopener\">Hemliga platser<\/a><br\/><a href=\"https:\/\/canarias-lovers.com\/sv\/basta-restaurang-gran-canaria-ata-omdomen\/\" target=\"_blank\" rel=\"noreferrer noopener\">B\u00e4sta restaurangerna<\/a><br\/><a href=\"https:\/\/canarias-lovers.com\/sv\/temaparker-gran-canaria\/\" target=\"_blank\" rel=\"noreferrer noopener\">N\u00f6jesparker<\/a><\/p>\n\n<h2 class=\"wp-block-heading\"><span class=\"ez-toc-section\" id=\"5_Praktiska_tips_for_att_gora_sig_redo\"><\/span>5. Praktiska tips f\u00f6r att g\u00f6ra sig redo<span class=\"ez-toc-section-end\"><\/span><\/h2>\n\n<p><a href=\"https:\/\/canarias-lovers.com\/sv\/ta-sig-runt-gran-canaria-transport\/\">Hur man tar sig runt<\/a><br\/><a href=\"https:\/\/canarias-lovers.com\/sv\/hur-hyr-bil-gran-canaria-tips-erfarenhet\/\" target=\"_blank\" rel=\"noreferrer noopener\">Hyr en bil p\u00e5 Gran Canaria<\/a><br\/><a href=\"https:\/\/canarias-lovers.com\/sv\/korning-gran-canaria-tips\/\" target=\"_blank\" rel=\"noreferrer noopener\">K\u00f6rning p\u00e5 Gran Canaria<\/a><\/p>\n\n<figure class=\"wp-block-image size-large\"><img decoding=\"async\" src=\"https:\/\/photos.smugmug.com\/Canarias-Lovers\/Gran-Canaria\/Driving\/i-rqnNnCs\/1\/K2vBsfwzDDxR4MrZFM8KRsrf8NvNDFh8jBRfNsg5k\/L\/gran-Canaria-rental-car-driving-3-L.jpg\" alt=\"K&#xF6;rning p&#xE5; Gran Canaria  \"\/><\/figure>\n\n<h2 class=\"wp-block-heading\"><span class=\"ez-toc-section\" id=\"6_Ta_reda_pa_mer_om_den_stad_du_har_valt_att_bo_i\"><\/span>6. Ta reda p\u00e5 mer om den stad du har valt att bo i<span class=\"ez-toc-section-end\"><\/span><\/h2>\n\n<p>Maspalomas: <a href=\"https:\/\/canarias-lovers.com\/sv\/sevardheter-maspalomas-att-gora\/\" target=\"_blank\" rel=\"noreferrer noopener\">sev\u00e4rdheter<\/a> &#8211; <a href=\"https:\/\/canarias-lovers.com\/sv\/var-kan-bo-maspalomas-basta-hotellen-stadsdelarna\/\" target=\"_blank\" rel=\"noreferrer noopener\">hotell<\/a> &#8211; <a href=\"https:\/\/canarias-lovers.com\/sv\/basta-utflykter-fran-maspalomas\/\" target=\"_blank\" rel=\"noreferrer noopener\">utflykter<\/a><br\/>Playa del Ingles: <a href=\"https:\/\/canarias-lovers.com\/sv\/sevardheter-playa-ingles-gran-canaria-att-gora\/\" target=\"_blank\" rel=\"noreferrer noopener\">sev\u00e4rdheter<\/a> &#8211; <a href=\"https:\/\/canarias-lovers.com\/sv\/var-kan-bo-playa-ingles-gran-canaria-basta-hotellen-stadsdelarna\/\" target=\"_blank\" rel=\"noreferrer noopener\">hotell<\/a><br\/>Meloneras: <a href=\"https:\/\/canarias-lovers.com\/sv\/sevardheter-meloneras-gran-canaria-att-gora\/\" target=\"_blank\" rel=\"noreferrer noopener\">sev\u00e4rdheter<\/a> &#8211; <a href=\"https:\/\/canarias-lovers.com\/sv\/meilleurs-hotels-5-etoiles-meloneras-luxe-avis-2\/\" target=\"_blank\" rel=\"noreferrer noopener\">hotell<\/a><br\/>Puerto de Mogan: <a href=\"https:\/\/canarias-lovers.com\/sv\/sevardheter-puerto-mogan-att-gora\/\" target=\"_blank\" rel=\"noreferrer noopener\">vad man kan g\u00f6ra<\/a> &#8211; <a href=\"https:\/\/canarias-lovers.com\/sv\/var-kan-bo-puerto-mogan-basta-hotellen-stadsdelarna\/\" target=\"_blank\" rel=\"noreferrer noopener\">hotell<\/a> &#8211; <a href=\"https:\/\/canarias-lovers.com\/sv\/basta-restaurang-puerto-de-mogan-gran-canaria-ata-omdomen\/\" target=\"_blank\" rel=\"noreferrer noopener\">restauranger<\/a><br\/>Puerto Rico: <a href=\"https:\/\/canarias-lovers.com\/sv\/sevardheter-puerto-rico-gran-canaria-att-gora\/\" target=\"_blank\" rel=\"noreferrer noopener\">vad man kan g\u00f6ra<\/a> &#8211; <a href=\"https:\/\/canarias-lovers.com\/sv\/var-kan-bo-puerto-rico-gran-canaria-basta-hotellen-stadsdelarna\/\" target=\"_blank\" rel=\"noreferrer noopener\">hotell<\/a> &#8211; <a href=\"https:\/\/canarias-lovers.com\/sv\/basta-restaurang-puerto-rico-gran-canaria-ata-omdomen\/\" target=\"_blank\" rel=\"noreferrer noopener\">restauranger<\/a><\/p>\n\n<h2 class=\"wp-block-heading\"><span class=\"ez-toc-section\" id=\"7_De_viktigaste_sakerna\"><\/span>7. De viktigaste sakerna<span class=\"ez-toc-section-end\"><\/span><\/h2>\n\n<p><a href=\"https:\/\/canarias-lovers.com\/sv\/sevardheter-agaete-att-gora\/\" target=\"_blank\" rel=\"noreferrer noopener\">Agaete<\/a><br\/><a href=\"https:\/\/canarias-lovers.com\/sv\/dunes-maspalomas-gran-canaria-2\/\" target=\"_blank\" rel=\"noreferrer noopener\">Sanddyner i Maspalomas<\/a><br\/><a href=\"https:\/\/canarias-lovers.com\/sv\/sevardheter-aguimes-gran-canaria-region-att-gora\/\" target=\"_blank\" rel=\"noreferrer noopener\">Agu\u00efmes<\/a><br\/><a href=\"https:\/\/canarias-lovers.com\/sv\/vandring-roque-nublo-gran-canaria\/\" target=\"_blank\" rel=\"noreferrer noopener\">Roque Nublo<\/a><br\/><a href=\"https:\/\/canarias-lovers.com\/sv\/barranco-guayadeque-gran-canaria-2\/\" target=\"_blank\" rel=\"noreferrer noopener\">Barranco de Guayadeque<\/a><\/p>\n\n<figure class=\"wp-block-image size-large\"><img decoding=\"async\" src=\"https:\/\/photos.smugmug.com\/Canarias-Lovers\/Gran-Canaria\/Best\/Villages-towns\/i-Dtd362z\/0\/Cx2cHc7cZC6dgk9KCFMzFBK5jC6xqDssdKGmcNgvz\/L\/ueblo_Aguimes-L.jpg\" alt=\"Agu&#xEF;mes\"\/><\/figure>\n\n<figure class=\"wp-block-image size-medium\"><img loading=\"lazy\" decoding=\"async\" width=\"300\" height=\"300\" src=\"https:\/\/canarias-lovers.com\/wp-content\/uploads\/2025\/08\/Gran-Canaria-300x300.jpg\" alt=\"Gran Canaria\" class=\"wp-image-7519\" srcset=\"https:\/\/canarias-lovers.com\/wp-content\/uploads\/2025\/08\/Gran-Canaria-300x300.jpg 300w, https:\/\/canarias-lovers.com\/wp-content\/uploads\/2025\/08\/Gran-Canaria-150x150.jpg 150w, https:\/\/canarias-lovers.com\/wp-content\/uploads\/2025\/08\/Gran-Canaria-768x768.jpg 768w, https:\/\/canarias-lovers.com\/wp-content\/uploads\/2025\/08\/Gran-Canaria-75x75.jpg 75w, https:\/\/canarias-lovers.com\/wp-content\/uploads\/2025\/08\/Gran-Canaria-600x600.jpg 600w, https:\/\/canarias-lovers.com\/wp-content\/uploads\/2025\/08\/Gran-Canaria.jpg 800w\" sizes=\"auto, (max-width: 300px) 100vw, 300px\" \/><\/figure>\n","protected":false},"excerpt":{"rendered":"<p>B\u00f6rja h\u00e4r!H\u00e4r \u00e4r v\u00e5ra viktigaste artiklar som hj\u00e4lper dig att planera din resa till Gran Canaria.Helt enkelt. 1. Best\u00e4m om Gran Canaria \u00e4r r\u00e4tt resm\u00e5l f\u00f6r dig och n\u00e4r du ska \u00e5ka Varf\u00f6r \u00e5ka till Gran CanariaDe vackraste landskapenSev\u00e4rdheter p\u00e5 Gran CanariaN\u00e4r ska du \u00e5ka?Hur m\u00e5nga dagarHur s\u00e4kert \u00e4r Gran Canaria?Gran Canaria p\u00e5 vintern 2. [&hellip;]<\/p>\n","protected":false},"author":1,"featured_media":7527,"parent":0,"menu_order":0,"comment_status":"closed","ping_status":"closed","template":"","meta":{"_genesis_hide_title":false,"_genesis_hide_breadcrumbs":false,"_genesis_hide_singular_image":false,"_genesis_hide_footer_widgets":false,"_genesis_custom_body_class":"","_genesis_custom_post_class":"","_genesis_layout":"","footnotes":""},"class_list":{"0":"post-7537","1":"page","2":"type-page","3":"status-publish","4":"has-post-thumbnail","6":"entry"},"yoast_head":"<!-- This site is optimized with the Yoast SEO plugin v27.2 - https:\/\/yoast.com\/product\/yoast-seo-wordpress\/ -->\n<title>Gran Canaria: allt du beh\u00f6ver f\u00f6r att planera din resa<\/title>\n<meta name=\"description\" content=\"All information du beh\u00f6ver f\u00f6r att planera den perfekta resan till Gran Canaria! Sev\u00e4rdheter, resv\u00e4gar, r\u00e5d\" \/>\n<meta name=\"robots\" content=\"index, follow, max-snippet:-1, max-image-preview:large, max-video-preview:-1\" \/>\n<link rel=\"canonical\" href=\"https:\/\/canarias-lovers.com\/sv\/gran-canaria-canarias\/\" \/>\n<meta property=\"og:locale\" content=\"sv_SE\" \/>\n<meta property=\"og:type\" content=\"article\" \/>\n<meta property=\"og:title\" content=\"Gran Canaria: allt du beh\u00f6ver f\u00f6r att planera din resa\" \/>\n<meta property=\"og:description\" content=\"All information du beh\u00f6ver f\u00f6r att planera den perfekta resan till Gran Canaria! Sev\u00e4rdheter, resv\u00e4gar, r\u00e5d\" \/>\n<meta property=\"og:url\" content=\"https:\/\/canarias-lovers.com\/sv\/gran-canaria-canarias\/\" \/>\n<meta property=\"og:site_name\" content=\"Canarias Lovers: Tenerife + Gran Canaria\" \/>\n<meta property=\"article:modified_time\" content=\"2026-01-18T09:57:54+00:00\" \/>\n<meta property=\"og:image\" content=\"https:\/\/canarias-lovers.com\/wp-content\/uploads\/2025\/08\/Gran-Canaria.jpg\" \/>\n\t<meta property=\"og:image:width\" content=\"800\" \/>\n\t<meta property=\"og:image:height\" content=\"800\" \/>\n\t<meta property=\"og:image:type\" content=\"image\/jpeg\" \/>\n<meta name=\"twitter:card\" content=\"summary_large_image\" \/>\n<meta name=\"twitter:label1\" content=\"Ber\u00e4knad l\u00e4stid\" \/>\n\t<meta name=\"twitter:data1\" content=\"1 minut\" \/>\n<script type=\"application\/ld+json\" class=\"yoast-schema-graph\">{\"@context\":\"https:\/\/schema.org\",\"@graph\":[{\"@type\":\"WebPage\",\"@id\":\"https:\/\/canarias-lovers.com\/sv\/gran-canaria-canarias\/\",\"url\":\"https:\/\/canarias-lovers.com\/sv\/gran-canaria-canarias\/\",\"name\":\"Gran Canaria: allt du beh\u00f6ver f\u00f6r att planera din resa\",\"isPartOf\":{\"@id\":\"https:\/\/canarias-lovers.com\/sv\/#website\"},\"primaryImageOfPage\":{\"@id\":\"https:\/\/canarias-lovers.com\/sv\/gran-canaria-canarias\/#primaryimage\"},\"image\":{\"@id\":\"https:\/\/canarias-lovers.com\/sv\/gran-canaria-canarias\/#primaryimage\"},\"thumbnailUrl\":\"https:\/\/canarias-lovers.com\/wp-content\/uploads\/2025\/08\/Gran-Canaria.jpg\",\"datePublished\":\"2025-08-12T07:06:58+00:00\",\"dateModified\":\"2026-01-18T09:57:54+00:00\",\"description\":\"All information du beh\u00f6ver f\u00f6r att planera den perfekta resan till Gran Canaria! Sev\u00e4rdheter, resv\u00e4gar, r\u00e5d\",\"breadcrumb\":{\"@id\":\"https:\/\/canarias-lovers.com\/sv\/gran-canaria-canarias\/#breadcrumb\"},\"inLanguage\":\"sv-SE\",\"potentialAction\":[{\"@type\":\"ReadAction\",\"target\":[\"https:\/\/canarias-lovers.com\/sv\/gran-canaria-canarias\/\"]}]},{\"@type\":\"ImageObject\",\"inLanguage\":\"sv-SE\",\"@id\":\"https:\/\/canarias-lovers.com\/sv\/gran-canaria-canarias\/#primaryimage\",\"url\":\"https:\/\/canarias-lovers.com\/wp-content\/uploads\/2025\/08\/Gran-Canaria.jpg\",\"contentUrl\":\"https:\/\/canarias-lovers.com\/wp-content\/uploads\/2025\/08\/Gran-Canaria.jpg\",\"width\":800,\"height\":800,\"caption\":\"Gran Canaria\"},{\"@type\":\"BreadcrumbList\",\"@id\":\"https:\/\/canarias-lovers.com\/sv\/gran-canaria-canarias\/#breadcrumb\",\"itemListElement\":[{\"@type\":\"ListItem\",\"position\":1,\"name\":\"Accueil\",\"item\":\"https:\/\/canarias-lovers.com\/sv\/\"},{\"@type\":\"ListItem\",\"position\":2,\"name\":\"Gran Canaria: allt du beh\u00f6ver f\u00f6r att planera din resa\"}]},{\"@type\":\"WebSite\",\"@id\":\"https:\/\/canarias-lovers.com\/sv\/#website\",\"url\":\"https:\/\/canarias-lovers.com\/sv\/\",\"name\":\"Canarias Lovers: Tenerife + Gran Canaria\",\"description\":\"Claire och Manu's blogg\",\"publisher\":{\"@id\":\"https:\/\/canarias-lovers.com\/sv\/#organization\"},\"potentialAction\":[{\"@type\":\"SearchAction\",\"target\":{\"@type\":\"EntryPoint\",\"urlTemplate\":\"https:\/\/canarias-lovers.com\/sv\/?s={search_term_string}\"},\"query-input\":{\"@type\":\"PropertyValueSpecification\",\"valueRequired\":true,\"valueName\":\"search_term_string\"}}],\"inLanguage\":\"sv-SE\"},{\"@type\":\"Organization\",\"@id\":\"https:\/\/canarias-lovers.com\/sv\/#organization\",\"name\":\"Canarias Lovers: Tenerife + Gran Canaria\",\"url\":\"https:\/\/canarias-lovers.com\/sv\/\",\"logo\":{\"@type\":\"ImageObject\",\"inLanguage\":\"sv-SE\",\"@id\":\"https:\/\/canarias-lovers.com\/sv\/#\/schema\/logo\/image\/\",\"url\":\"https:\/\/canarias-lovers.com\/wp-content\/uploads\/2024\/05\/cropped-Canarias-Lovers-Logo.png\",\"contentUrl\":\"https:\/\/canarias-lovers.com\/wp-content\/uploads\/2024\/05\/cropped-Canarias-Lovers-Logo.png\",\"width\":2635,\"height\":595,\"caption\":\"Canarias Lovers: Tenerife + Gran Canaria\"},\"image\":{\"@id\":\"https:\/\/canarias-lovers.com\/sv\/#\/schema\/logo\/image\/\"}}]}<\/script>\n<!-- \/ Yoast SEO plugin. -->","yoast_head_json":{"title":"Gran Canaria: allt du beh\u00f6ver f\u00f6r att planera din resa","description":"All information du beh\u00f6ver f\u00f6r att planera den perfekta resan till Gran Canaria! Sev\u00e4rdheter, resv\u00e4gar, r\u00e5d","robots":{"index":"index","follow":"follow","max-snippet":"max-snippet:-1","max-image-preview":"max-image-preview:large","max-video-preview":"max-video-preview:-1"},"canonical":"https:\/\/canarias-lovers.com\/sv\/gran-canaria-canarias\/","og_locale":"sv_SE","og_type":"article","og_title":"Gran Canaria: allt du beh\u00f6ver f\u00f6r att planera din resa","og_description":"All information du beh\u00f6ver f\u00f6r att planera den perfekta resan till Gran Canaria! Sev\u00e4rdheter, resv\u00e4gar, r\u00e5d","og_url":"https:\/\/canarias-lovers.com\/sv\/gran-canaria-canarias\/","og_site_name":"Canarias Lovers: Tenerife + Gran Canaria","article_modified_time":"2026-01-18T09:57:54+00:00","og_image":[{"width":800,"height":800,"url":"https:\/\/canarias-lovers.com\/wp-content\/uploads\/2025\/08\/Gran-Canaria.jpg","type":"image\/jpeg"}],"twitter_card":"summary_large_image","twitter_misc":{"Ber\u00e4knad l\u00e4stid":"1 minut"},"schema":{"@context":"https:\/\/schema.org","@graph":[{"@type":"WebPage","@id":"https:\/\/canarias-lovers.com\/sv\/gran-canaria-canarias\/","url":"https:\/\/canarias-lovers.com\/sv\/gran-canaria-canarias\/","name":"Gran Canaria: allt du beh\u00f6ver f\u00f6r att planera din resa","isPartOf":{"@id":"https:\/\/canarias-lovers.com\/sv\/#website"},"primaryImageOfPage":{"@id":"https:\/\/canarias-lovers.com\/sv\/gran-canaria-canarias\/#primaryimage"},"image":{"@id":"https:\/\/canarias-lovers.com\/sv\/gran-canaria-canarias\/#primaryimage"},"thumbnailUrl":"https:\/\/canarias-lovers.com\/wp-content\/uploads\/2025\/08\/Gran-Canaria.jpg","datePublished":"2025-08-12T07:06:58+00:00","dateModified":"2026-01-18T09:57:54+00:00","description":"All information du beh\u00f6ver f\u00f6r att planera den perfekta resan till Gran Canaria! Sev\u00e4rdheter, resv\u00e4gar, r\u00e5d","breadcrumb":{"@id":"https:\/\/canarias-lovers.com\/sv\/gran-canaria-canarias\/#breadcrumb"},"inLanguage":"sv-SE","potentialAction":[{"@type":"ReadAction","target":["https:\/\/canarias-lovers.com\/sv\/gran-canaria-canarias\/"]}]},{"@type":"ImageObject","inLanguage":"sv-SE","@id":"https:\/\/canarias-lovers.com\/sv\/gran-canaria-canarias\/#primaryimage","url":"https:\/\/canarias-lovers.com\/wp-content\/uploads\/2025\/08\/Gran-Canaria.jpg","contentUrl":"https:\/\/canarias-lovers.com\/wp-content\/uploads\/2025\/08\/Gran-Canaria.jpg","width":800,"height":800,"caption":"Gran Canaria"},{"@type":"BreadcrumbList","@id":"https:\/\/canarias-lovers.com\/sv\/gran-canaria-canarias\/#breadcrumb","itemListElement":[{"@type":"ListItem","position":1,"name":"Accueil","item":"https:\/\/canarias-lovers.com\/sv\/"},{"@type":"ListItem","position":2,"name":"Gran Canaria: allt du beh\u00f6ver f\u00f6r att planera din resa"}]},{"@type":"WebSite","@id":"https:\/\/canarias-lovers.com\/sv\/#website","url":"https:\/\/canarias-lovers.com\/sv\/","name":"Canarias Lovers: Tenerife + Gran Canaria","description":"Claire och Manu's blogg","publisher":{"@id":"https:\/\/canarias-lovers.com\/sv\/#organization"},"potentialAction":[{"@type":"SearchAction","target":{"@type":"EntryPoint","urlTemplate":"https:\/\/canarias-lovers.com\/sv\/?s={search_term_string}"},"query-input":{"@type":"PropertyValueSpecification","valueRequired":true,"valueName":"search_term_string"}}],"inLanguage":"sv-SE"},{"@type":"Organization","@id":"https:\/\/canarias-lovers.com\/sv\/#organization","name":"Canarias Lovers: Tenerife + Gran Canaria","url":"https:\/\/canarias-lovers.com\/sv\/","logo":{"@type":"ImageObject","inLanguage":"sv-SE","@id":"https:\/\/canarias-lovers.com\/sv\/#\/schema\/logo\/image\/","url":"https:\/\/canarias-lovers.com\/wp-content\/uploads\/2024\/05\/cropped-Canarias-Lovers-Logo.png","contentUrl":"https:\/\/canarias-lovers.com\/wp-content\/uploads\/2024\/05\/cropped-Canarias-Lovers-Logo.png","width":2635,"height":595,"caption":"Canarias Lovers: Tenerife + Gran Canaria"},"image":{"@id":"https:\/\/canarias-lovers.com\/sv\/#\/schema\/logo\/image\/"}}]}},"featured_image_src":"https:\/\/canarias-lovers.com\/wp-content\/uploads\/2025\/08\/Gran-Canaria-600x400.jpg","featured_image_src_square":"https:\/\/canarias-lovers.com\/wp-content\/uploads\/2025\/08\/Gran-Canaria-600x600.jpg","_links":{"self":[{"href":"https:\/\/canarias-lovers.com\/sv\/wp-json\/wp\/v2\/pages\/7537","targetHints":{"allow":["GET"]}}],"collection":[{"href":"https:\/\/canarias-lovers.com\/sv\/wp-json\/wp\/v2\/pages"}],"about":[{"href":"https:\/\/canarias-lovers.com\/sv\/wp-json\/wp\/v2\/types\/page"}],"author":[{"embeddable":true,"href":"https:\/\/canarias-lovers.com\/sv\/wp-json\/wp\/v2\/users\/1"}],"replies":[{"embeddable":true,"href":"https:\/\/canarias-lovers.com\/sv\/wp-json\/wp\/v2\/comments?post=7537"}],"version-history":[{"count":0,"href":"https:\/\/canarias-lovers.com\/sv\/wp-json\/wp\/v2\/pages\/7537\/revisions"}],"wp:featuredmedia":[{"embeddable":true,"href":"https:\/\/canarias-lovers.com\/sv\/wp-json\/wp\/v2\/media\/7527"}],"wp:attachment":[{"href":"https:\/\/canarias-lovers.com\/sv\/wp-json\/wp\/v2\/media?parent=7537"}],"curies":[{"name":"wp","href":"https:\/\/api.w.org\/{rel}","templated":true}]}}