{"id":7529,"date":"2025-08-12T06:53:59","date_gmt":"2025-08-12T06:53:59","guid":{"rendered":"https:\/\/canarias-lovers.com\/tenerife\/"},"modified":"2026-02-01T07:35:12","modified_gmt":"2026-02-01T07:35:12","slug":"tenerife-canarias","status":"publish","type":"page","link":"https:\/\/canarias-lovers.com\/sv\/tenerife-canarias\/","title":{"rendered":"Teneriffa: allt du beh\u00f6ver f\u00f6r att planera din resa"},"content":{"rendered":"\n<p><br\/>B\u00f6rja h\u00e4r!<br\/>H\u00e4r \u00e4r v\u00e5ra viktigaste artiklar som hj\u00e4lper dig att planera din resa till Teneriffa.<br\/>Helt enkelt.<\/p>\n\n<h2 class=\"wp-block-heading\"><span class=\"ez-toc-section\" id=\"1_Bestam_om_Teneriffa_ar_ratt_resmal_for_dig_och_nar_du_ska_aka\"><\/span>1. Best\u00e4m om Teneriffa \u00e4r r\u00e4tt resm\u00e5l f\u00f6r dig och n\u00e4r du ska \u00e5ka<span class=\"ez-toc-section-end\"><\/span><\/h2>\n\n<p><a href=\"https:\/\/canarias-lovers.com\/sv\/varfor-besoka-teneriffa-vart\/\" target=\"_blank\" rel=\"noreferrer noopener\">Varf\u00f6r \u00e5ka till Teneriffa<\/a><br\/><a href=\"https:\/\/canarias-lovers.com\/sv\/landskap-teneriffa-foton\/\" target=\"_blank\" rel=\"noreferrer noopener\">De vackraste landskapen<\/a><br\/><a href=\"https:\/\/canarias-lovers.com\/sv\/sevardheter-teneriffa-att-gora\/\" target=\"_blank\" rel=\"noreferrer noopener\">Vad man kan g\u00f6ra p\u00e5 Teneriffa<\/a><br\/><a href=\"https:\/\/canarias-lovers.com\/sv\/nar-ska-man-aka-teneriffa-vader\/\" target=\"_blank\" rel=\"noreferrer noopener\">N\u00e4r ska du \u00e5ka?<\/a><br\/><a href=\"https:\/\/canarias-lovers.com\/sv\/hur-manga-dagar-teneriffa\/\" target=\"_blank\" rel=\"noreferrer noopener\">Hur m\u00e5nga dagar<\/a><br\/><a href=\"https:\/\/canarias-lovers.com\/sv\/teneriffa-sakert-faror\/\" target=\"_blank\" rel=\"noreferrer noopener\">Hur s\u00e4kert \u00e4r Teneriffa?<\/a><br\/><a href=\"https:\/\/canarias-lovers.com\/sv\/teneriffa-vintern-sol-jul\/\" target=\"_blank\" rel=\"noreferrer noopener\">Teneriffa p\u00e5 vintern<\/a><\/p>\n\n<figure class=\"wp-block-image size-large\"><img decoding=\"async\" src=\"https:\/\/photos.smugmug.com\/Canarias-Lovers\/Tenerife\/Best-of\/i-pvFVTGs\/0\/KKDmsjHdDTQkfgZWxWqQ2phTkKtkWmQTZw8XtMgZb\/L\/parc-national-teide-tenerife-L.jpg\" alt=\"Teide\"\/><\/figure>\n\n<h2 class=\"wp-block-heading\"><span class=\"ez-toc-section\" id=\"2_Bestam_var_du_ska_bo\"><\/span>2. Best\u00e4m var du ska bo<span class=\"ez-toc-section-end\"><\/span><\/h2>\n\n<p><a href=\"https:\/\/canarias-lovers.com\/sv\/var-ska-bo-teneriffa-basta-omradena\/\" target=\"_blank\" rel=\"noreferrer noopener\">Var du kan bo p\u00e5 Teneriffa<\/a><br\/><a href=\"https:\/\/canarias-lovers.com\/sv\/teneriffa-norr-eller-soder\/\" target=\"_blank\" rel=\"noreferrer noopener\">Teneriffa Nord eller Syd?<\/a><\/p>\n\n<p><a href=\"https:\/\/canarias-lovers.com\/sv\/basta-5-stjarniga-hotellen-teneriffa-lyx-recensioner\/\" target=\"_blank\" rel=\"noreferrer noopener\">B\u00e4sta 5-stj\u00e4rniga hotellen<\/a><br\/><a href=\"https:\/\/canarias-lovers.com\/sv\/basta-boutique-hotellen-teneriffa-charm\/\" target=\"_blank\" rel=\"noreferrer noopener\">Boutique-hotell<\/a><br\/><a href=\"https:\/\/canarias-lovers.com\/sv\/meilleurs-hotels-familles-tenerife-enfants-avis-2\/\" target=\"_blank\" rel=\"noreferrer noopener\">B\u00e4sta hotellen f\u00f6r familjer<\/a><br\/><a href=\"https:\/\/canarias-lovers.com\/sv\/basta-hotell-vid-havet-teneriffa-stranden\/\" target=\"_blank\" rel=\"noreferrer noopener\">B\u00e4sta hotell i Seaside<\/a><br\/><a href=\"https:\/\/canarias-lovers.com\/sv\/basta-hotell-endast-vuxna-adults-only-teneriffa\/\" target=\"_blank\" rel=\"noreferrer noopener\">B\u00e4sta hotell endast f\u00f6r vuxna<\/a><\/p>\n\n<h2 class=\"wp-block-heading\"><span class=\"ez-toc-section\" id=\"3_Resplaner_inspiration_for_planering\"><\/span>3. Resplaner: inspiration f\u00f6r planering<span class=\"ez-toc-section-end\"><\/span><\/h2>\n\n<p>3 dagar<br\/>4 dagar<br\/><a href=\"https:\/\/canarias-lovers.com\/sv\/besok-5-dagar-teneriffa-resvagar\/\" target=\"_blank\" rel=\"noreferrer noopener\">5 dagar<\/a><br\/><a href=\"https:\/\/canarias-lovers.com\/sv\/besok-6-dagar-teneriffa-resvagar\/\" target=\"_blank\" rel=\"noreferrer noopener\">6 dagar<\/a> <br\/><a href=\"https:\/\/canarias-lovers.com\/sv\/besok-teneriffa-en-vecka-resvagar\/\" target=\"_blank\" rel=\"noreferrer noopener\">1 vecka  <\/a><br\/><a href=\"https:\/\/canarias-lovers.com\/sv\/besok-10-dagar-teneriffa-resplan\/\" target=\"_blank\" rel=\"noreferrer noopener\">10 dagar<\/a><\/p>\n\n<figure class=\"wp-block-image size-large\"><img decoding=\"async\" src=\"https:\/\/photos.smugmug.com\/Canarias-Lovers\/Tenerife\/San-Cristobal-de-La-Laguna\/Town\/i-LTvKsHk\/0\/KvJdpFPpSFnG999ppBDWsgm8238zh4ksr26483gr9\/L\/san-cristobal-la-laguna-L.jpg\" alt=\"La Laguna\"\/><\/figure>\n\n<h2 class=\"wp-block-heading\"><span class=\"ez-toc-section\" id=\"4_Valj_dina_favoritattraktioner\"><\/span>4. V\u00e4lj dina favoritattraktioner<span class=\"ez-toc-section-end\"><\/span><\/h2>\n\n<p><a href=\"https:\/\/canarias-lovers.com\/sv\/basta-staderna-teneriffa-byarna\/\" target=\"_blank\" rel=\"noreferrer noopener\">De vackraste st\u00e4derna och byarna<\/a><br\/><a href=\"https:\/\/canarias-lovers.com\/sv\/basta-stranderna-teneriffa\/\" target=\"_blank\" rel=\"noreferrer noopener\">De vackraste str\u00e4nderna<\/a><br\/><a href=\"https:\/\/canarias-lovers.com\/sv\/naturliga-pooler-teneriffa-laguner\/\" target=\"_blank\" rel=\"noreferrer noopener\">B\u00e4sta naturliga pooler<\/a><br\/><a href=\"https:\/\/canarias-lovers.com\/sv\/landskap-teneriffa-foton\/\" target=\"_blank\" rel=\"noreferrer noopener\">De vackraste landskapen<\/a><br\/><a href=\"https:\/\/canarias-lovers.com\/sv\/vackraste-vagarna-teneriffa\/\" target=\"_blank\" rel=\"noreferrer noopener\">De vackraste v\u00e4garna<\/a><br\/><a href=\"https:\/\/canarias-lovers.com\/sv\/temaparker-teneriffa\/\" target=\"_blank\" rel=\"noreferrer noopener\">N\u00f6jesparker<\/a><br\/><a href=\"https:\/\/canarias-lovers.com\/sv\/basta-tradgardar-teneriffa\/\" target=\"_blank\" rel=\"noreferrer noopener\">De vackraste tr\u00e4dg\u00e5rdarna<\/a><br\/><a href=\"https:\/\/canarias-lovers.com\/sv\/basta-restaurang-teneriffa-ata-recensioner\/\" target=\"_blank\" rel=\"noreferrer noopener\">B\u00e4sta restaurangerna<\/a><br\/><a href=\"https:\/\/canarias-lovers.com\/sv\/delfinspotting-teneriffa-baleiner-utflykter\/\" target=\"_blank\" rel=\"noreferrer noopener\">Delfinsk\u00e5dning<\/a><\/p>\n\n<h2 class=\"wp-block-heading\"><span class=\"ez-toc-section\" id=\"5_Praktiska_tips_for_att_gora_sig_redo\"><\/span>5. Praktiska tips f\u00f6r att g\u00f6ra sig redo<span class=\"ez-toc-section-end\"><\/span><\/h2>\n\n<p><a href=\"https:\/\/canarias-lovers.com\/sv\/ta-sig-runt-teneriffa-transport\/\" target=\"_blank\" rel=\"noreferrer noopener\">Hur man tar sig runt<\/a><br\/><a href=\"https:\/\/canarias-lovers.com\/sv\/hur-hyr-bil-teneriffa-tips-erfarenhet\/\" target=\"_blank\" rel=\"noreferrer noopener\">Hyr en bil p\u00e5 Teneriffa<\/a><br\/><a href=\"https:\/\/canarias-lovers.com\/sv\/conduire-tenerife-conseils\/\" target=\"_blank\" rel=\"noreferrer noopener\">Bilk\u00f6rning p\u00e5 Teneriffa<\/a><\/p>\n\n<figure class=\"wp-block-image size-large\"><img decoding=\"async\" src=\"https:\/\/photos.smugmug.com\/Canarias-Lovers\/Tenerife\/Teide\/Road-TF21-South-direction\/i-mCKR8JZ\/0\/MxKWc62FKS7hXhRM9t3rxjcsfcj9MKsb97csdhPn4\/L\/road-tf21-L.jpg\" alt=\"v&#xE4;g till Teneriffa\"\/><\/figure>\n\n<h2 class=\"wp-block-heading\"><span class=\"ez-toc-section\" id=\"6_Ta_reda_pa_mer_om_den_stad_du_har_valt_att_bo_i\"><\/span>6. Ta reda p\u00e5 mer om den stad du har valt att bo i<span class=\"ez-toc-section-end\"><\/span><\/h2>\n\n<p>Santa Cruz de Tenerife: <a href=\"https:\/\/canarias-lovers.com\/sv\/sevardheter-santa-cruz-tenerife-att-gora\/\" target=\"_blank\" rel=\"noreferrer noopener\">sev\u00e4rdheter<\/a> &#8211; <a href=\"https:\/\/canarias-lovers.com\/sv\/basta-restaurang-santa-cruz-ata-omdomen\/\" target=\"_blank\" rel=\"noreferrer noopener\">restauranger<\/a> &#8211; <a href=\"https:\/\/canarias-lovers.com\/sv\/var-kan-bo-santa-cruz-tenerife-basta-hotellen-stadsdelarna\/\" target=\"_blank\" rel=\"noreferrer noopener\">hotell<\/a> &#8211; <a href=\"https:\/\/canarias-lovers.com\/sv\/basta-stranderna-santa-cruz-teneriffa\/\" target=\"_blank\" rel=\"noreferrer noopener\">str\u00e4nder<\/a><br\/>Puerto de la Cruz: <a href=\"https:\/\/canarias-lovers.com\/sv\/sevardheter-puerto-de-la-cruz-teneriffa-att-gora\/\" target=\"_blank\" rel=\"noreferrer noopener\">sev\u00e4rdheter<\/a> &#8211; <a href=\"https:\/\/canarias-lovers.com\/sv\/var-kan-bo-puerto-de-la-cruz-basta-hotellen-stadsdelarna\/\" target=\"_blank\" rel=\"noreferrer noopener\">hotell<\/a> &#8211; <a href=\"https:\/\/canarias-lovers.com\/sv\/basta-restaurang-puerto-cruz-teneriffa-ata-omdomen\/\">restauranger<\/a> &#8211; <a href=\"https:\/\/canarias-lovers.com\/sv\/basta-stranderna-puerto-de-la-cruz-teneriffa\/\" target=\"_blank\" rel=\"noreferrer noopener\">str\u00e4nder<\/a><br\/>La Laguna \/ San Cristobal: <a href=\"https:\/\/canarias-lovers.com\/sv\/sevardheter-la-laguna-teneriffa-att-gora\/\" target=\"_blank\" rel=\"noreferrer noopener\">sev\u00e4rdheter<\/a> &#8211; <a href=\"https:\/\/canarias-lovers.com\/sv\/var-kan-bo-san-cristobal-la-laguna-tenerife-basta-hotellen-stadsdelarna\/\" target=\"_blank\" rel=\"noreferrer noopener\">hotell<\/a> &#8211; <a href=\"https:\/\/canarias-lovers.com\/sv\/basta-restauranger-san-cristobal-la-laguna-teneriffa-omdomen\/\" target=\"_blank\" rel=\"noreferrer noopener\">restauranger<\/a><br\/>Costa Adeje: <a href=\"https:\/\/canarias-lovers.com\/sv\/sevardheter-costa-adeje-teneriffa-att-gora\/\" target=\"_blank\" rel=\"noreferrer noopener\">sev\u00e4rdheter<\/a> &#8211; <a href=\"https:\/\/canarias-lovers.com\/sv\/var-att-sova-kosta-adeje-basta-hotell-stadsdelarna\/\" target=\"_blank\" rel=\"noreferrer noopener\">hotell<\/a> &#8211; <a href=\"https:\/\/canarias-lovers.com\/sv\/basta-restaurang-costa-adeje-ata-recensioner\/\" target=\"_blank\" rel=\"noreferrer noopener\">restauranger<\/a> &#8211; <a href=\"https:\/\/canarias-lovers.com\/sv\/basta-stranderna-costa-adeje\/\" target=\"_blank\" rel=\"noreferrer noopener\">str\u00e4nder<\/a><br\/>Playa de las Americas: <a href=\"https:\/\/canarias-lovers.com\/sv\/sevardheter-playa-las-americas-teneriffa-att-gora\/\" target=\"_blank\" rel=\"noreferrer noopener\">sev\u00e4rdheter<\/a> &#8211; <a href=\"https:\/\/canarias-lovers.com\/ou-dormir-a-playa-de-las-americas-15-meilleurs-hotels-2024\/\" target=\"_blank\" rel=\"noreferrer noopener\">hotell<\/a> &#8211; restauranger &#8211; str\u00e4nder<br\/>Los Gigantes: <a href=\"https:\/\/canarias-lovers.com\/sv\/sevardheter-los-gigantes-teneriffa-att-gora\/\" target=\"_blank\" rel=\"noreferrer noopener\">sev\u00e4rdheter<\/a> &#8211; <a href=\"https:\/\/canarias-lovers.com\/sv\/var-kan-bo-los-gigantes-tenerife-basta-hotellen-stadsdelarna\/\" target=\"_blank\" rel=\"noreferrer noopener\">hotell<\/a> &#8211; <a href=\"https:\/\/canarias-lovers.com\/sv\/basta-restaurang-los-gigantes-teneriffa-ata-omdomen\/\" target=\"_blank\" rel=\"noreferrer noopener\">restauranger<\/a> &#8211; <a href=\"https:\/\/canarias-lovers.com\/sv\/basta-stranderna-los-gigantes-teneriffa\/\" target=\"_blank\" rel=\"noreferrer noopener\">str\u00e4nder<\/a><br\/>Los Cristianos: <a href=\"https:\/\/canarias-lovers.com\/sv\/sevardheter-los-cristianos-teneriffa-att-gora\/\">sev\u00e4rdheter<\/a> &#8211; <a href=\"https:\/\/canarias-lovers.com\/sv\/var-kan-bo-los-cristianos-teneriffa-basta-hotellen-stadsdelarna\/\" target=\"_blank\" rel=\"noreferrer noopener\">hotell<\/a> &#8211; <a href=\"https:\/\/canarias-lovers.com\/sv\/basta-restaurang-cristianos-teneriffa-ata-recensioner\/\" target=\"_blank\" rel=\"noreferrer noopener\">restauranger<\/a> &#8211; str\u00e4nder<\/p>\n\n<h2 class=\"wp-block-heading\"><span class=\"ez-toc-section\" id=\"7_De_viktigaste_sakerna\"><\/span>7. De viktigaste sakerna<span class=\"ez-toc-section-end\"><\/span><\/h2>\n\n<p><a href=\"https:\/\/canarias-lovers.com\/sv\/nationalpark-teide-teneriffa-sevardheter-tips\/\" target=\"_blank\" rel=\"noreferrer noopener\">Teide nationalpark<\/a><br\/>Anaga landsbygdspark (kommer snart)<br\/><a href=\"https:\/\/canarias-lovers.com\/sv\/sevardheter-la-orotava-teneriffa-att-gora\/\" target=\"_blank\" rel=\"noreferrer noopener\">La Orotava<\/a><br\/><a href=\"https:\/\/canarias-lovers.com\/sv\/sevardheter-garachico-teneriffa-att-gora\/\" target=\"_blank\" rel=\"noreferrer noopener\">Garachico<\/a><br\/><a href=\"https:\/\/canarias-lovers.com\/sv\/sevardheter-masca-teneriffa-att-gora\/\" target=\"_blank\" rel=\"noreferrer noopener\">Byn Masca<\/a><br\/><a href=\"https:\/\/canarias-lovers.com\/sv\/visiter-pyramides-guimar-tenerife-2\/\" target=\"_blank\" rel=\"noreferrer noopener\">Pyramiderna i G\u00fcimar<\/a><br\/><a href=\"https:\/\/canarias-lovers.com\/sv\/sevardheter-icod-de-los-vinos-teneriffa-att-gora\/\" target=\"_blank\" rel=\"noreferrer noopener\">Icod de los Vinos<\/a><\/p>\n\n<figure class=\"wp-block-image size-large\"><img decoding=\"async\" src=\"https:\/\/photos.smugmug.com\/Canarias-Lovers\/Tenerife\/La-Orotava\/Jardin-Marquesado-de-la-Quinta-Roja\/i-c3DwM57\/0\/M5t4gDwnp68Lb62PVJb6CrFRJmbRbcnCrxn2sFp7g\/L\/Jardines-Marquesado-L.jpg\" alt=\"La Orotava\"\/><figcaption class=\"wp-element-caption\">La Orotava<\/figcaption><\/figure>\n\n<figure class=\"wp-block-image size-medium\"><img loading=\"lazy\" decoding=\"async\" width=\"300\" height=\"300\" src=\"https:\/\/canarias-lovers.com\/wp-content\/uploads\/2025\/08\/Tenerife-300x300.jpg\" alt=\"Teneriffa\" class=\"wp-image-7510\" srcset=\"https:\/\/canarias-lovers.com\/wp-content\/uploads\/2025\/08\/Tenerife-300x300.jpg 300w, https:\/\/canarias-lovers.com\/wp-content\/uploads\/2025\/08\/Tenerife-150x150.jpg 150w, https:\/\/canarias-lovers.com\/wp-content\/uploads\/2025\/08\/Tenerife-768x768.jpg 768w, https:\/\/canarias-lovers.com\/wp-content\/uploads\/2025\/08\/Tenerife-75x75.jpg 75w, https:\/\/canarias-lovers.com\/wp-content\/uploads\/2025\/08\/Tenerife-600x600.jpg 600w, https:\/\/canarias-lovers.com\/wp-content\/uploads\/2025\/08\/Tenerife.jpg 800w\" sizes=\"auto, (max-width: 300px) 100vw, 300px\" \/><\/figure>\n","protected":false},"excerpt":{"rendered":"<p>B\u00f6rja h\u00e4r!H\u00e4r \u00e4r v\u00e5ra viktigaste artiklar som hj\u00e4lper dig att planera din resa till Teneriffa.Helt enkelt. 1. Best\u00e4m om Teneriffa \u00e4r r\u00e4tt resm\u00e5l f\u00f6r dig och n\u00e4r du ska \u00e5ka Varf\u00f6r \u00e5ka till TeneriffaDe vackraste landskapenVad man kan g\u00f6ra p\u00e5 TeneriffaN\u00e4r ska du \u00e5ka?Hur m\u00e5nga dagarHur s\u00e4kert \u00e4r Teneriffa?Teneriffa p\u00e5 vintern 2. Best\u00e4m var du [&hellip;]<\/p>\n","protected":false},"author":1,"featured_media":7518,"parent":0,"menu_order":0,"comment_status":"closed","ping_status":"closed","template":"","meta":{"_genesis_hide_title":false,"_genesis_hide_breadcrumbs":false,"_genesis_hide_singular_image":false,"_genesis_hide_footer_widgets":false,"_genesis_custom_body_class":"","_genesis_custom_post_class":"","_genesis_layout":"","footnotes":""},"class_list":{"0":"post-7529","1":"page","2":"type-page","3":"status-publish","4":"has-post-thumbnail","6":"entry"},"yoast_head":"<!-- This site is optimized with the Yoast SEO plugin v27.2 - https:\/\/yoast.com\/product\/yoast-seo-wordpress\/ -->\n<title>Teneriffa: allt du beh\u00f6ver f\u00f6r att planera din resa<\/title>\n<meta name=\"description\" content=\"All information du beh\u00f6ver f\u00f6r att planera den perfekta resan till Teneriffa! Sev\u00e4rdheter, resv\u00e4gar, r\u00e5d\" \/>\n<meta name=\"robots\" content=\"index, follow, max-snippet:-1, max-image-preview:large, max-video-preview:-1\" \/>\n<link rel=\"canonical\" href=\"https:\/\/canarias-lovers.com\/sv\/tenerife-canarias\/\" \/>\n<meta property=\"og:locale\" content=\"sv_SE\" \/>\n<meta property=\"og:type\" content=\"article\" \/>\n<meta property=\"og:title\" content=\"Teneriffa: allt du beh\u00f6ver f\u00f6r att planera din resa\" \/>\n<meta property=\"og:description\" content=\"All information du beh\u00f6ver f\u00f6r att planera den perfekta resan till Teneriffa! Sev\u00e4rdheter, resv\u00e4gar, r\u00e5d\" \/>\n<meta property=\"og:url\" content=\"https:\/\/canarias-lovers.com\/sv\/tenerife-canarias\/\" \/>\n<meta property=\"og:site_name\" content=\"Canarias Lovers: Tenerife + Gran Canaria\" \/>\n<meta property=\"article:modified_time\" content=\"2026-02-01T07:35:12+00:00\" \/>\n<meta property=\"og:image\" content=\"https:\/\/canarias-lovers.com\/wp-content\/uploads\/2025\/08\/Tenerife.jpg\" \/>\n\t<meta property=\"og:image:width\" content=\"800\" \/>\n\t<meta property=\"og:image:height\" content=\"800\" \/>\n\t<meta property=\"og:image:type\" content=\"image\/jpeg\" \/>\n<meta name=\"twitter:card\" content=\"summary_large_image\" \/>\n<meta name=\"twitter:label1\" content=\"Ber\u00e4knad l\u00e4stid\" \/>\n\t<meta name=\"twitter:data1\" content=\"1 minut\" \/>\n<script type=\"application\/ld+json\" class=\"yoast-schema-graph\">{\"@context\":\"https:\/\/schema.org\",\"@graph\":[{\"@type\":\"WebPage\",\"@id\":\"https:\/\/canarias-lovers.com\/sv\/tenerife-canarias\/\",\"url\":\"https:\/\/canarias-lovers.com\/sv\/tenerife-canarias\/\",\"name\":\"Teneriffa: allt du beh\u00f6ver f\u00f6r att planera din resa\",\"isPartOf\":{\"@id\":\"https:\/\/canarias-lovers.com\/sv\/#website\"},\"primaryImageOfPage\":{\"@id\":\"https:\/\/canarias-lovers.com\/sv\/tenerife-canarias\/#primaryimage\"},\"image\":{\"@id\":\"https:\/\/canarias-lovers.com\/sv\/tenerife-canarias\/#primaryimage\"},\"thumbnailUrl\":\"https:\/\/canarias-lovers.com\/wp-content\/uploads\/2025\/08\/Tenerife.jpg\",\"datePublished\":\"2025-08-12T06:53:59+00:00\",\"dateModified\":\"2026-02-01T07:35:12+00:00\",\"description\":\"All information du beh\u00f6ver f\u00f6r att planera den perfekta resan till Teneriffa! Sev\u00e4rdheter, resv\u00e4gar, r\u00e5d\",\"breadcrumb\":{\"@id\":\"https:\/\/canarias-lovers.com\/sv\/tenerife-canarias\/#breadcrumb\"},\"inLanguage\":\"sv-SE\",\"potentialAction\":[{\"@type\":\"ReadAction\",\"target\":[\"https:\/\/canarias-lovers.com\/sv\/tenerife-canarias\/\"]}]},{\"@type\":\"ImageObject\",\"inLanguage\":\"sv-SE\",\"@id\":\"https:\/\/canarias-lovers.com\/sv\/tenerife-canarias\/#primaryimage\",\"url\":\"https:\/\/canarias-lovers.com\/wp-content\/uploads\/2025\/08\/Tenerife.jpg\",\"contentUrl\":\"https:\/\/canarias-lovers.com\/wp-content\/uploads\/2025\/08\/Tenerife.jpg\",\"width\":800,\"height\":800,\"caption\":\"Tenerife\"},{\"@type\":\"BreadcrumbList\",\"@id\":\"https:\/\/canarias-lovers.com\/sv\/tenerife-canarias\/#breadcrumb\",\"itemListElement\":[{\"@type\":\"ListItem\",\"position\":1,\"name\":\"Accueil\",\"item\":\"https:\/\/canarias-lovers.com\/sv\/\"},{\"@type\":\"ListItem\",\"position\":2,\"name\":\"Teneriffa: allt du beh\u00f6ver f\u00f6r att planera din resa\"}]},{\"@type\":\"WebSite\",\"@id\":\"https:\/\/canarias-lovers.com\/sv\/#website\",\"url\":\"https:\/\/canarias-lovers.com\/sv\/\",\"name\":\"Canarias Lovers: Tenerife + Gran Canaria\",\"description\":\"Claire och Manu's blogg\",\"publisher\":{\"@id\":\"https:\/\/canarias-lovers.com\/sv\/#organization\"},\"potentialAction\":[{\"@type\":\"SearchAction\",\"target\":{\"@type\":\"EntryPoint\",\"urlTemplate\":\"https:\/\/canarias-lovers.com\/sv\/?s={search_term_string}\"},\"query-input\":{\"@type\":\"PropertyValueSpecification\",\"valueRequired\":true,\"valueName\":\"search_term_string\"}}],\"inLanguage\":\"sv-SE\"},{\"@type\":\"Organization\",\"@id\":\"https:\/\/canarias-lovers.com\/sv\/#organization\",\"name\":\"Canarias Lovers: Tenerife + Gran Canaria\",\"url\":\"https:\/\/canarias-lovers.com\/sv\/\",\"logo\":{\"@type\":\"ImageObject\",\"inLanguage\":\"sv-SE\",\"@id\":\"https:\/\/canarias-lovers.com\/sv\/#\/schema\/logo\/image\/\",\"url\":\"https:\/\/canarias-lovers.com\/wp-content\/uploads\/2024\/05\/cropped-Canarias-Lovers-Logo.png\",\"contentUrl\":\"https:\/\/canarias-lovers.com\/wp-content\/uploads\/2024\/05\/cropped-Canarias-Lovers-Logo.png\",\"width\":2635,\"height\":595,\"caption\":\"Canarias Lovers: Tenerife + Gran Canaria\"},\"image\":{\"@id\":\"https:\/\/canarias-lovers.com\/sv\/#\/schema\/logo\/image\/\"}}]}<\/script>\n<!-- \/ Yoast SEO plugin. -->","yoast_head_json":{"title":"Teneriffa: allt du beh\u00f6ver f\u00f6r att planera din resa","description":"All information du beh\u00f6ver f\u00f6r att planera den perfekta resan till Teneriffa! Sev\u00e4rdheter, resv\u00e4gar, r\u00e5d","robots":{"index":"index","follow":"follow","max-snippet":"max-snippet:-1","max-image-preview":"max-image-preview:large","max-video-preview":"max-video-preview:-1"},"canonical":"https:\/\/canarias-lovers.com\/sv\/tenerife-canarias\/","og_locale":"sv_SE","og_type":"article","og_title":"Teneriffa: allt du beh\u00f6ver f\u00f6r att planera din resa","og_description":"All information du beh\u00f6ver f\u00f6r att planera den perfekta resan till Teneriffa! Sev\u00e4rdheter, resv\u00e4gar, r\u00e5d","og_url":"https:\/\/canarias-lovers.com\/sv\/tenerife-canarias\/","og_site_name":"Canarias Lovers: Tenerife + Gran Canaria","article_modified_time":"2026-02-01T07:35:12+00:00","og_image":[{"width":800,"height":800,"url":"https:\/\/canarias-lovers.com\/wp-content\/uploads\/2025\/08\/Tenerife.jpg","type":"image\/jpeg"}],"twitter_card":"summary_large_image","twitter_misc":{"Ber\u00e4knad l\u00e4stid":"1 minut"},"schema":{"@context":"https:\/\/schema.org","@graph":[{"@type":"WebPage","@id":"https:\/\/canarias-lovers.com\/sv\/tenerife-canarias\/","url":"https:\/\/canarias-lovers.com\/sv\/tenerife-canarias\/","name":"Teneriffa: allt du beh\u00f6ver f\u00f6r att planera din resa","isPartOf":{"@id":"https:\/\/canarias-lovers.com\/sv\/#website"},"primaryImageOfPage":{"@id":"https:\/\/canarias-lovers.com\/sv\/tenerife-canarias\/#primaryimage"},"image":{"@id":"https:\/\/canarias-lovers.com\/sv\/tenerife-canarias\/#primaryimage"},"thumbnailUrl":"https:\/\/canarias-lovers.com\/wp-content\/uploads\/2025\/08\/Tenerife.jpg","datePublished":"2025-08-12T06:53:59+00:00","dateModified":"2026-02-01T07:35:12+00:00","description":"All information du beh\u00f6ver f\u00f6r att planera den perfekta resan till Teneriffa! Sev\u00e4rdheter, resv\u00e4gar, r\u00e5d","breadcrumb":{"@id":"https:\/\/canarias-lovers.com\/sv\/tenerife-canarias\/#breadcrumb"},"inLanguage":"sv-SE","potentialAction":[{"@type":"ReadAction","target":["https:\/\/canarias-lovers.com\/sv\/tenerife-canarias\/"]}]},{"@type":"ImageObject","inLanguage":"sv-SE","@id":"https:\/\/canarias-lovers.com\/sv\/tenerife-canarias\/#primaryimage","url":"https:\/\/canarias-lovers.com\/wp-content\/uploads\/2025\/08\/Tenerife.jpg","contentUrl":"https:\/\/canarias-lovers.com\/wp-content\/uploads\/2025\/08\/Tenerife.jpg","width":800,"height":800,"caption":"Tenerife"},{"@type":"BreadcrumbList","@id":"https:\/\/canarias-lovers.com\/sv\/tenerife-canarias\/#breadcrumb","itemListElement":[{"@type":"ListItem","position":1,"name":"Accueil","item":"https:\/\/canarias-lovers.com\/sv\/"},{"@type":"ListItem","position":2,"name":"Teneriffa: allt du beh\u00f6ver f\u00f6r att planera din resa"}]},{"@type":"WebSite","@id":"https:\/\/canarias-lovers.com\/sv\/#website","url":"https:\/\/canarias-lovers.com\/sv\/","name":"Canarias Lovers: Tenerife + Gran Canaria","description":"Claire och Manu's blogg","publisher":{"@id":"https:\/\/canarias-lovers.com\/sv\/#organization"},"potentialAction":[{"@type":"SearchAction","target":{"@type":"EntryPoint","urlTemplate":"https:\/\/canarias-lovers.com\/sv\/?s={search_term_string}"},"query-input":{"@type":"PropertyValueSpecification","valueRequired":true,"valueName":"search_term_string"}}],"inLanguage":"sv-SE"},{"@type":"Organization","@id":"https:\/\/canarias-lovers.com\/sv\/#organization","name":"Canarias Lovers: Tenerife + Gran Canaria","url":"https:\/\/canarias-lovers.com\/sv\/","logo":{"@type":"ImageObject","inLanguage":"sv-SE","@id":"https:\/\/canarias-lovers.com\/sv\/#\/schema\/logo\/image\/","url":"https:\/\/canarias-lovers.com\/wp-content\/uploads\/2024\/05\/cropped-Canarias-Lovers-Logo.png","contentUrl":"https:\/\/canarias-lovers.com\/wp-content\/uploads\/2024\/05\/cropped-Canarias-Lovers-Logo.png","width":2635,"height":595,"caption":"Canarias Lovers: Tenerife + Gran Canaria"},"image":{"@id":"https:\/\/canarias-lovers.com\/sv\/#\/schema\/logo\/image\/"}}]}},"featured_image_src":"https:\/\/canarias-lovers.com\/wp-content\/uploads\/2025\/08\/Tenerife-600x400.jpg","featured_image_src_square":"https:\/\/canarias-lovers.com\/wp-content\/uploads\/2025\/08\/Tenerife-600x600.jpg","_links":{"self":[{"href":"https:\/\/canarias-lovers.com\/sv\/wp-json\/wp\/v2\/pages\/7529","targetHints":{"allow":["GET"]}}],"collection":[{"href":"https:\/\/canarias-lovers.com\/sv\/wp-json\/wp\/v2\/pages"}],"about":[{"href":"https:\/\/canarias-lovers.com\/sv\/wp-json\/wp\/v2\/types\/page"}],"author":[{"embeddable":true,"href":"https:\/\/canarias-lovers.com\/sv\/wp-json\/wp\/v2\/users\/1"}],"replies":[{"embeddable":true,"href":"https:\/\/canarias-lovers.com\/sv\/wp-json\/wp\/v2\/comments?post=7529"}],"version-history":[{"count":0,"href":"https:\/\/canarias-lovers.com\/sv\/wp-json\/wp\/v2\/pages\/7529\/revisions"}],"wp:featuredmedia":[{"embeddable":true,"href":"https:\/\/canarias-lovers.com\/sv\/wp-json\/wp\/v2\/media\/7518"}],"wp:attachment":[{"href":"https:\/\/canarias-lovers.com\/sv\/wp-json\/wp\/v2\/media?parent=7529"}],"curies":[{"name":"wp","href":"https:\/\/api.w.org\/{rel}","templated":true}]}}