{"id":214,"date":"2024-05-26T07:31:07","date_gmt":"2024-05-26T07:31:07","guid":{"rendered":"https:\/\/canarias-lovers.com\/morgane-mazelier\/"},"modified":"2024-05-26T07:31:20","modified_gmt":"2024-05-26T07:31:20","slug":"morgane-mazelier","status":"publish","type":"page","link":"https:\/\/canarias-lovers.com\/sv\/morgane-mazelier\/","title":{"rendered":"Om Morgane MAZELIER"},"content":{"rendered":"\n<p>M\u00f6t Morgane, anst\u00e4lld p\u00e5 Region Lovers, ett glatt f\u00f6retag som har rest runt i v\u00e4rlden i \u00f6ver 10 \u00e5r f\u00f6r att ge dig certifierad, h\u00f6gkvalitativ och anv\u00e4ndbar information. Vi vill hj\u00e4lpa dig att g\u00f6ra de val du beh\u00f6ver f\u00f6r att skapa en resa som passar dig.<\/p>\n\n<p>Teamet har vuxit under \u00e5ren, men Morgane, liksom alla f\u00f6rfattare till Region Lovers, respekterar ett ramverk och v\u00e4rderingar f\u00f6r att kunna uppfylla v\u00e5rt f\u00f6rtroendekontrakt med v\u00e5ra l\u00e4sare. Lyckligtvis \u00e4r dock varje artikel alltid en \u00e5terspegling av dess f\u00f6rfattare och hans eller hennes passioner.<\/p>\n<div class=\"wp-block-image\">\n<figure class=\"aligncenter size-large\"><img decoding=\"async\" src=\"https:\/\/photos.smugmug.com\/Region-Lovers\/Equipe\/i-kx84ZJX\/0\/490fe68e\/L\/morgane-L.jpg\" alt=\"\"\/><\/figure>\n<\/div>\n<h2 class=\"wp-block-heading\"><span class=\"ez-toc-section\" id=\"Hans_karriar\"><\/span>Hans karri\u00e4r<span class=\"ez-toc-section-end\"><\/span><\/h2>\n\n<ul class=\"wp-block-list\">\n<li>En masterexamen i marknadsf\u00f6ring och kommunikation, med inriktning p\u00e5 digitala medier<\/li>\n\n\n\n<li>En m\u00e4ngd givande yrkeserfarenheter sedan 2015: institutioner, mode, kultur, teknik, entrepren\u00f6rskap&#8230;<\/li>\n\n\n\n<li>Uppt\u00e4ck de b\u00e4sta adresserna i din stad som guide p\u00e5 en matresa<\/li>\n<\/ul>\n\n<p class=\"has-text-align-left\">Uppt\u00e4ck din <a href=\"https:\/\/www.linkedin.com\/in\/morgane-mazelier-communication\/\" target=\"_blank\" rel=\"noreferrer noopener\">Linkedin-profil<\/a><\/p>\n\n<h2 class=\"wp-block-heading\"><span class=\"ez-toc-section\" id=\"Vad_hon_sarskilt_tycker_om_att_skriva\"><\/span>Vad hon s\u00e4rskilt tycker om att skriva<span class=\"ez-toc-section-end\"><\/span><\/h2>\n\n<ul class=\"wp-block-list\">\n<li>Artiklar om roadtrips f\u00f6r att uppmuntra v\u00e5ra l\u00e4sare att ge sig iv\u00e4g ensamma med sina ryggs\u00e4ckar, i full f\u00f6rtr\u00f6stan.<\/li>\n\n\n\n<li>Artiklar om exotiska resm\u00e5l f\u00f6r \u00e4ventyrslystna l\u00e4sare<\/li>\n\n\n\n<li>Artiklar om museer d\u00e4r interaktion och underh\u00e5llning st\u00e5r p\u00e5 dagordningen.<\/li>\n\n\n\n<li>Naturrutter, eftersom hon \u00e4lskar vandring och friluftsliv<\/li>\n<\/ul>\n","protected":false},"excerpt":{"rendered":"<p>M\u00f6t Morgane, anst\u00e4lld p\u00e5 Region Lovers, ett glatt f\u00f6retag som har rest runt i v\u00e4rlden i \u00f6ver 10 \u00e5r f\u00f6r att ge dig certifierad, h\u00f6gkvalitativ och anv\u00e4ndbar information. Vi vill hj\u00e4lpa dig att g\u00f6ra de val du beh\u00f6ver f\u00f6r att skapa en resa som passar dig. Teamet har vuxit under \u00e5ren, men Morgane, liksom alla [&hellip;]<\/p>\n","protected":false},"author":1,"featured_media":0,"parent":0,"menu_order":0,"comment_status":"closed","ping_status":"closed","template":"","meta":{"_genesis_hide_title":false,"_genesis_hide_breadcrumbs":false,"_genesis_hide_singular_image":false,"_genesis_hide_footer_widgets":false,"_genesis_custom_body_class":"","_genesis_custom_post_class":"","_genesis_layout":"","footnotes":""},"class_list":{"0":"post-214","1":"page","2":"type-page","3":"status-publish","5":"entry"},"yoast_head":"<!-- This site is optimized with the Yoast SEO plugin v27.2 - https:\/\/yoast.com\/product\/yoast-seo-wordpress\/ -->\n<title>Om Morgane MAZELIER<\/title>\n<meta name=\"robots\" content=\"index, follow, max-snippet:-1, max-image-preview:large, max-video-preview:-1\" \/>\n<link rel=\"canonical\" href=\"https:\/\/canarias-lovers.com\/sv\/morgane-mazelier\/\" \/>\n<meta property=\"og:locale\" content=\"sv_SE\" \/>\n<meta property=\"og:type\" content=\"article\" \/>\n<meta property=\"og:title\" content=\"Om Morgane MAZELIER\" \/>\n<meta property=\"og:description\" content=\"M\u00f6t Morgane, anst\u00e4lld p\u00e5 Region Lovers, ett glatt f\u00f6retag som har rest runt i v\u00e4rlden i \u00f6ver 10 \u00e5r f\u00f6r att ge dig certifierad, h\u00f6gkvalitativ och anv\u00e4ndbar information. Vi vill hj\u00e4lpa dig att g\u00f6ra de val du beh\u00f6ver f\u00f6r att skapa en resa som passar dig. Teamet har vuxit under \u00e5ren, men Morgane, liksom alla [&hellip;]\" \/>\n<meta property=\"og:url\" content=\"https:\/\/canarias-lovers.com\/sv\/morgane-mazelier\/\" \/>\n<meta property=\"og:site_name\" content=\"Canarias Lovers: Tenerife + Gran Canaria\" \/>\n<meta property=\"article:modified_time\" content=\"2024-05-26T07:31:20+00:00\" \/>\n<meta property=\"og:image\" content=\"https:\/\/photos.smugmug.com\/Region-Lovers\/Equipe\/i-kx84ZJX\/0\/490fe68e\/L\/morgane-L.jpg\" \/>\n<meta name=\"twitter:card\" content=\"summary_large_image\" \/>\n<meta name=\"twitter:label1\" content=\"Ber\u00e4knad l\u00e4stid\" \/>\n\t<meta name=\"twitter:data1\" content=\"1 minut\" \/>\n<script type=\"application\/ld+json\" class=\"yoast-schema-graph\">{\"@context\":\"https:\/\/schema.org\",\"@graph\":[{\"@type\":\"WebPage\",\"@id\":\"https:\/\/canarias-lovers.com\/sv\/morgane-mazelier\/\",\"url\":\"https:\/\/canarias-lovers.com\/sv\/morgane-mazelier\/\",\"name\":\"Om Morgane MAZELIER\",\"isPartOf\":{\"@id\":\"https:\/\/canarias-lovers.com\/sv\/#website\"},\"primaryImageOfPage\":{\"@id\":\"https:\/\/canarias-lovers.com\/sv\/morgane-mazelier\/#primaryimage\"},\"image\":{\"@id\":\"https:\/\/canarias-lovers.com\/sv\/morgane-mazelier\/#primaryimage\"},\"thumbnailUrl\":\"https:\/\/photos.smugmug.com\/Region-Lovers\/Equipe\/i-kx84ZJX\/0\/490fe68e\/L\/morgane-L.jpg\",\"datePublished\":\"2024-05-26T07:31:07+00:00\",\"dateModified\":\"2024-05-26T07:31:20+00:00\",\"breadcrumb\":{\"@id\":\"https:\/\/canarias-lovers.com\/sv\/morgane-mazelier\/#breadcrumb\"},\"inLanguage\":\"sv-SE\",\"potentialAction\":[{\"@type\":\"ReadAction\",\"target\":[\"https:\/\/canarias-lovers.com\/sv\/morgane-mazelier\/\"]}]},{\"@type\":\"ImageObject\",\"inLanguage\":\"sv-SE\",\"@id\":\"https:\/\/canarias-lovers.com\/sv\/morgane-mazelier\/#primaryimage\",\"url\":\"https:\/\/photos.smugmug.com\/Region-Lovers\/Equipe\/i-kx84ZJX\/0\/490fe68e\/L\/morgane-L.jpg\",\"contentUrl\":\"https:\/\/photos.smugmug.com\/Region-Lovers\/Equipe\/i-kx84ZJX\/0\/490fe68e\/L\/morgane-L.jpg\"},{\"@type\":\"BreadcrumbList\",\"@id\":\"https:\/\/canarias-lovers.com\/sv\/morgane-mazelier\/#breadcrumb\",\"itemListElement\":[{\"@type\":\"ListItem\",\"position\":1,\"name\":\"Accueil\",\"item\":\"https:\/\/canarias-lovers.com\/sv\/\"},{\"@type\":\"ListItem\",\"position\":2,\"name\":\"Om Morgane MAZELIER\"}]},{\"@type\":\"WebSite\",\"@id\":\"https:\/\/canarias-lovers.com\/sv\/#website\",\"url\":\"https:\/\/canarias-lovers.com\/sv\/\",\"name\":\"Canarias Lovers: Tenerife + Gran Canaria\",\"description\":\"Claire och Manu's blogg\",\"publisher\":{\"@id\":\"https:\/\/canarias-lovers.com\/sv\/#organization\"},\"potentialAction\":[{\"@type\":\"SearchAction\",\"target\":{\"@type\":\"EntryPoint\",\"urlTemplate\":\"https:\/\/canarias-lovers.com\/sv\/?s={search_term_string}\"},\"query-input\":{\"@type\":\"PropertyValueSpecification\",\"valueRequired\":true,\"valueName\":\"search_term_string\"}}],\"inLanguage\":\"sv-SE\"},{\"@type\":\"Organization\",\"@id\":\"https:\/\/canarias-lovers.com\/sv\/#organization\",\"name\":\"Canarias Lovers: Tenerife + Gran Canaria\",\"url\":\"https:\/\/canarias-lovers.com\/sv\/\",\"logo\":{\"@type\":\"ImageObject\",\"inLanguage\":\"sv-SE\",\"@id\":\"https:\/\/canarias-lovers.com\/sv\/#\/schema\/logo\/image\/\",\"url\":\"https:\/\/canarias-lovers.com\/wp-content\/uploads\/2024\/05\/cropped-Canarias-Lovers-Logo.png\",\"contentUrl\":\"https:\/\/canarias-lovers.com\/wp-content\/uploads\/2024\/05\/cropped-Canarias-Lovers-Logo.png\",\"width\":2635,\"height\":595,\"caption\":\"Canarias Lovers: Tenerife + Gran Canaria\"},\"image\":{\"@id\":\"https:\/\/canarias-lovers.com\/sv\/#\/schema\/logo\/image\/\"}}]}<\/script>\n<!-- \/ Yoast SEO plugin. -->","yoast_head_json":{"title":"Om Morgane MAZELIER","robots":{"index":"index","follow":"follow","max-snippet":"max-snippet:-1","max-image-preview":"max-image-preview:large","max-video-preview":"max-video-preview:-1"},"canonical":"https:\/\/canarias-lovers.com\/sv\/morgane-mazelier\/","og_locale":"sv_SE","og_type":"article","og_title":"Om Morgane MAZELIER","og_description":"M\u00f6t Morgane, anst\u00e4lld p\u00e5 Region Lovers, ett glatt f\u00f6retag som har rest runt i v\u00e4rlden i \u00f6ver 10 \u00e5r f\u00f6r att ge dig certifierad, h\u00f6gkvalitativ och anv\u00e4ndbar information. Vi vill hj\u00e4lpa dig att g\u00f6ra de val du beh\u00f6ver f\u00f6r att skapa en resa som passar dig. Teamet har vuxit under \u00e5ren, men Morgane, liksom alla [&hellip;]","og_url":"https:\/\/canarias-lovers.com\/sv\/morgane-mazelier\/","og_site_name":"Canarias Lovers: Tenerife + Gran Canaria","article_modified_time":"2024-05-26T07:31:20+00:00","og_image":[{"url":"https:\/\/photos.smugmug.com\/Region-Lovers\/Equipe\/i-kx84ZJX\/0\/490fe68e\/L\/morgane-L.jpg","type":"","width":"","height":""}],"twitter_card":"summary_large_image","twitter_misc":{"Ber\u00e4knad l\u00e4stid":"1 minut"},"schema":{"@context":"https:\/\/schema.org","@graph":[{"@type":"WebPage","@id":"https:\/\/canarias-lovers.com\/sv\/morgane-mazelier\/","url":"https:\/\/canarias-lovers.com\/sv\/morgane-mazelier\/","name":"Om Morgane MAZELIER","isPartOf":{"@id":"https:\/\/canarias-lovers.com\/sv\/#website"},"primaryImageOfPage":{"@id":"https:\/\/canarias-lovers.com\/sv\/morgane-mazelier\/#primaryimage"},"image":{"@id":"https:\/\/canarias-lovers.com\/sv\/morgane-mazelier\/#primaryimage"},"thumbnailUrl":"https:\/\/photos.smugmug.com\/Region-Lovers\/Equipe\/i-kx84ZJX\/0\/490fe68e\/L\/morgane-L.jpg","datePublished":"2024-05-26T07:31:07+00:00","dateModified":"2024-05-26T07:31:20+00:00","breadcrumb":{"@id":"https:\/\/canarias-lovers.com\/sv\/morgane-mazelier\/#breadcrumb"},"inLanguage":"sv-SE","potentialAction":[{"@type":"ReadAction","target":["https:\/\/canarias-lovers.com\/sv\/morgane-mazelier\/"]}]},{"@type":"ImageObject","inLanguage":"sv-SE","@id":"https:\/\/canarias-lovers.com\/sv\/morgane-mazelier\/#primaryimage","url":"https:\/\/photos.smugmug.com\/Region-Lovers\/Equipe\/i-kx84ZJX\/0\/490fe68e\/L\/morgane-L.jpg","contentUrl":"https:\/\/photos.smugmug.com\/Region-Lovers\/Equipe\/i-kx84ZJX\/0\/490fe68e\/L\/morgane-L.jpg"},{"@type":"BreadcrumbList","@id":"https:\/\/canarias-lovers.com\/sv\/morgane-mazelier\/#breadcrumb","itemListElement":[{"@type":"ListItem","position":1,"name":"Accueil","item":"https:\/\/canarias-lovers.com\/sv\/"},{"@type":"ListItem","position":2,"name":"Om Morgane MAZELIER"}]},{"@type":"WebSite","@id":"https:\/\/canarias-lovers.com\/sv\/#website","url":"https:\/\/canarias-lovers.com\/sv\/","name":"Canarias Lovers: Tenerife + Gran Canaria","description":"Claire och Manu's blogg","publisher":{"@id":"https:\/\/canarias-lovers.com\/sv\/#organization"},"potentialAction":[{"@type":"SearchAction","target":{"@type":"EntryPoint","urlTemplate":"https:\/\/canarias-lovers.com\/sv\/?s={search_term_string}"},"query-input":{"@type":"PropertyValueSpecification","valueRequired":true,"valueName":"search_term_string"}}],"inLanguage":"sv-SE"},{"@type":"Organization","@id":"https:\/\/canarias-lovers.com\/sv\/#organization","name":"Canarias Lovers: Tenerife + Gran Canaria","url":"https:\/\/canarias-lovers.com\/sv\/","logo":{"@type":"ImageObject","inLanguage":"sv-SE","@id":"https:\/\/canarias-lovers.com\/sv\/#\/schema\/logo\/image\/","url":"https:\/\/canarias-lovers.com\/wp-content\/uploads\/2024\/05\/cropped-Canarias-Lovers-Logo.png","contentUrl":"https:\/\/canarias-lovers.com\/wp-content\/uploads\/2024\/05\/cropped-Canarias-Lovers-Logo.png","width":2635,"height":595,"caption":"Canarias Lovers: Tenerife + Gran Canaria"},"image":{"@id":"https:\/\/canarias-lovers.com\/sv\/#\/schema\/logo\/image\/"}}]}},"featured_image_src":null,"featured_image_src_square":null,"_links":{"self":[{"href":"https:\/\/canarias-lovers.com\/sv\/wp-json\/wp\/v2\/pages\/214","targetHints":{"allow":["GET"]}}],"collection":[{"href":"https:\/\/canarias-lovers.com\/sv\/wp-json\/wp\/v2\/pages"}],"about":[{"href":"https:\/\/canarias-lovers.com\/sv\/wp-json\/wp\/v2\/types\/page"}],"author":[{"embeddable":true,"href":"https:\/\/canarias-lovers.com\/sv\/wp-json\/wp\/v2\/users\/1"}],"replies":[{"embeddable":true,"href":"https:\/\/canarias-lovers.com\/sv\/wp-json\/wp\/v2\/comments?post=214"}],"version-history":[{"count":0,"href":"https:\/\/canarias-lovers.com\/sv\/wp-json\/wp\/v2\/pages\/214\/revisions"}],"wp:attachment":[{"href":"https:\/\/canarias-lovers.com\/sv\/wp-json\/wp\/v2\/media?parent=214"}],"curies":[{"name":"wp","href":"https:\/\/api.w.org\/{rel}","templated":true}]}}