{"id":131,"date":"2024-05-26T07:24:05","date_gmt":"2024-05-26T07:24:05","guid":{"rendered":"https:\/\/canarias-lovers.com\/emmanuel-robinson\/"},"modified":"2024-05-26T07:24:18","modified_gmt":"2024-05-26T07:24:18","slug":"emmanuel-robinson","status":"publish","type":"page","link":"https:\/\/canarias-lovers.com\/sv\/emmanuel-robinson\/","title":{"rendered":"Om Emmanuel ROBINSON"},"content":{"rendered":"\n<p>M\u00f6t Emmanuel, som tillsammans med sin syster <a href=\"https:\/\/canarias-lovers.com\/claire-robinson\/\" target=\"_blank\" rel=\"noreferrer noopener\">Claire<\/a> grundade Region Lovers, ett glatt f\u00f6retag som har rest runt i v\u00e4rlden i \u00f6ver 10 \u00e5r f\u00f6r att ge dig h\u00f6gkvalitativ, anv\u00e4ndbar och &#8221;certifierat \u00e4kta&#8221; information. Vi vill hj\u00e4lpa dig att g\u00f6ra de val du beh\u00f6ver f\u00f6r att skapa en resa som passar dig.<\/p>\n\n<p>Teamet har vuxit under \u00e5ren, men Emmanuel, liksom alla f\u00f6rfattare till Region Lovers, respekterar ett ramverk och v\u00e4rderingar f\u00f6r att kunna uppfylla v\u00e5rt f\u00f6rtroendekontrakt med v\u00e5ra l\u00e4sare. Lyckligtvis \u00e4r dock varje artikel alltid en \u00e5terspegling av dess f\u00f6rfattare och hans eller hennes passioner.<\/p>\n\n<figure class=\"wp-block-image size-large\"><img decoding=\"async\" src=\"https:\/\/photos.smugmug.com\/Region-Lovers\/Equipe\/i-rHp5vtv\/0\/DxhGfR3RHZSTt9vfBxH7TBtFTC5vkk673Gmjm7MHS\/L\/manu-L.jpg\" alt=\"\"\/><\/figure>\n\n<h2 class=\"wp-block-heading\"><span class=\"ez-toc-section\" id=\"Hans_karriar\"><\/span>Hans karri\u00e4r<span class=\"ez-toc-section-end\"><\/span><\/h2>\n\n<ul class=\"wp-block-list\">\n<li>6 \u00e5r i det franska parlamentet, d\u00e4r jag uppt\u00e4ckte hur staten fungerar och hur den politiska v\u00e4rlden ser ut<\/li>\n\n\n\n<li>10 \u00e5rs erfarenhet av att testa kommunikationsbyr\u00e5er i alla storlekar.<\/li>\n\n\n\n<li>5 \u00e5r i den tystl\u00e5tna v\u00e4rlden p\u00e5 ett stort f\u00f6rs\u00e4kringsbolag.<\/li>\n\n\n\n<li>Sedan 2022, 4000% in i Region Lovers \u00e4ventyr<\/li>\n<\/ul>\n\n<p class=\"has-text-align-left\">Uppt\u00e4ck din <a href=\"https:\/\/www.linkedin.com\/in\/emmanuel-robinson-75015\/\" target=\"_blank\" rel=\"noreferrer noopener\">Linkedin-profil<\/a><\/p>\n\n<h2 class=\"wp-block-heading\"><span class=\"ez-toc-section\" id=\"Vad_han_sarskilt_tycker_om_att_skriva\"><\/span>Vad han s\u00e4rskilt tycker om att skriva<span class=\"ez-toc-section-end\"><\/span><\/h2>\n\n<ul class=\"wp-block-list\">\n<li>Artiklar om restauranger, eftersom han \u00e4r en riktig gourmet.<\/li>\n\n\n\n<li>Historiska platser (slott, katedraler etc.), d\u00e4r han gillar att gr\u00e4va fram den d\u00e4r speciella anekdoten som ger hans artikel lite extra sj\u00e4l och delar sin passion f\u00f6r historia med dig.<\/li>\n\n\n\n<li>Resplaner som p\u00e5 ett smart s\u00e4tt kombinerar etapper och erbjuder v\u00e5ra l\u00e4sare en eller flera fantastiska dagar.<\/li>\n<\/ul>\n","protected":false},"excerpt":{"rendered":"<p>M\u00f6t Emmanuel, som tillsammans med sin syster Claire grundade Region Lovers, ett glatt f\u00f6retag som har rest runt i v\u00e4rlden i \u00f6ver 10 \u00e5r f\u00f6r att ge dig h\u00f6gkvalitativ, anv\u00e4ndbar och &#8221;certifierat \u00e4kta&#8221; information. Vi vill hj\u00e4lpa dig att g\u00f6ra de val du beh\u00f6ver f\u00f6r att skapa en resa som passar dig. Teamet har vuxit [&hellip;]<\/p>\n","protected":false},"author":1,"featured_media":0,"parent":0,"menu_order":0,"comment_status":"closed","ping_status":"closed","template":"","meta":{"_genesis_hide_title":false,"_genesis_hide_breadcrumbs":false,"_genesis_hide_singular_image":false,"_genesis_hide_footer_widgets":false,"_genesis_custom_body_class":"","_genesis_custom_post_class":"","_genesis_layout":"","footnotes":""},"class_list":{"0":"post-131","1":"page","2":"type-page","3":"status-publish","5":"entry"},"yoast_head":"<!-- This site is optimized with the Yoast SEO plugin v27.2 - https:\/\/yoast.com\/product\/yoast-seo-wordpress\/ -->\n<title>Om Emmanuel ROBINSON<\/title>\n<meta name=\"robots\" content=\"index, follow, max-snippet:-1, max-image-preview:large, max-video-preview:-1\" \/>\n<link rel=\"canonical\" href=\"https:\/\/canarias-lovers.com\/sv\/emmanuel-robinson\/\" \/>\n<meta property=\"og:locale\" content=\"sv_SE\" \/>\n<meta property=\"og:type\" content=\"article\" \/>\n<meta property=\"og:title\" content=\"Om Emmanuel ROBINSON\" \/>\n<meta property=\"og:description\" content=\"M\u00f6t Emmanuel, som tillsammans med sin syster Claire grundade Region Lovers, ett glatt f\u00f6retag som har rest runt i v\u00e4rlden i \u00f6ver 10 \u00e5r f\u00f6r att ge dig h\u00f6gkvalitativ, anv\u00e4ndbar och &#8221;certifierat \u00e4kta&#8221; information. Vi vill hj\u00e4lpa dig att g\u00f6ra de val du beh\u00f6ver f\u00f6r att skapa en resa som passar dig. Teamet har vuxit [&hellip;]\" \/>\n<meta property=\"og:url\" content=\"https:\/\/canarias-lovers.com\/sv\/emmanuel-robinson\/\" \/>\n<meta property=\"og:site_name\" content=\"Canarias Lovers: Tenerife + Gran Canaria\" \/>\n<meta property=\"article:modified_time\" content=\"2024-05-26T07:24:18+00:00\" \/>\n<meta property=\"og:image\" content=\"https:\/\/photos.smugmug.com\/Region-Lovers\/Equipe\/i-rHp5vtv\/0\/DxhGfR3RHZSTt9vfBxH7TBtFTC5vkk673Gmjm7MHS\/L\/manu-L.jpg\" \/>\n<meta name=\"twitter:card\" content=\"summary_large_image\" \/>\n<meta name=\"twitter:label1\" content=\"Ber\u00e4knad l\u00e4stid\" \/>\n\t<meta name=\"twitter:data1\" content=\"1 minut\" \/>\n<script type=\"application\/ld+json\" class=\"yoast-schema-graph\">{\"@context\":\"https:\/\/schema.org\",\"@graph\":[{\"@type\":\"WebPage\",\"@id\":\"https:\/\/canarias-lovers.com\/sv\/emmanuel-robinson\/\",\"url\":\"https:\/\/canarias-lovers.com\/sv\/emmanuel-robinson\/\",\"name\":\"Om Emmanuel ROBINSON\",\"isPartOf\":{\"@id\":\"https:\/\/canarias-lovers.com\/sv\/#website\"},\"primaryImageOfPage\":{\"@id\":\"https:\/\/canarias-lovers.com\/sv\/emmanuel-robinson\/#primaryimage\"},\"image\":{\"@id\":\"https:\/\/canarias-lovers.com\/sv\/emmanuel-robinson\/#primaryimage\"},\"thumbnailUrl\":\"https:\/\/photos.smugmug.com\/Region-Lovers\/Equipe\/i-rHp5vtv\/0\/DxhGfR3RHZSTt9vfBxH7TBtFTC5vkk673Gmjm7MHS\/L\/manu-L.jpg\",\"datePublished\":\"2024-05-26T07:24:05+00:00\",\"dateModified\":\"2024-05-26T07:24:18+00:00\",\"breadcrumb\":{\"@id\":\"https:\/\/canarias-lovers.com\/sv\/emmanuel-robinson\/#breadcrumb\"},\"inLanguage\":\"sv-SE\",\"potentialAction\":[{\"@type\":\"ReadAction\",\"target\":[\"https:\/\/canarias-lovers.com\/sv\/emmanuel-robinson\/\"]}]},{\"@type\":\"ImageObject\",\"inLanguage\":\"sv-SE\",\"@id\":\"https:\/\/canarias-lovers.com\/sv\/emmanuel-robinson\/#primaryimage\",\"url\":\"https:\/\/photos.smugmug.com\/Region-Lovers\/Equipe\/i-rHp5vtv\/0\/DxhGfR3RHZSTt9vfBxH7TBtFTC5vkk673Gmjm7MHS\/L\/manu-L.jpg\",\"contentUrl\":\"https:\/\/photos.smugmug.com\/Region-Lovers\/Equipe\/i-rHp5vtv\/0\/DxhGfR3RHZSTt9vfBxH7TBtFTC5vkk673Gmjm7MHS\/L\/manu-L.jpg\"},{\"@type\":\"BreadcrumbList\",\"@id\":\"https:\/\/canarias-lovers.com\/sv\/emmanuel-robinson\/#breadcrumb\",\"itemListElement\":[{\"@type\":\"ListItem\",\"position\":1,\"name\":\"Accueil\",\"item\":\"https:\/\/canarias-lovers.com\/sv\/\"},{\"@type\":\"ListItem\",\"position\":2,\"name\":\"Om Emmanuel ROBINSON\"}]},{\"@type\":\"WebSite\",\"@id\":\"https:\/\/canarias-lovers.com\/sv\/#website\",\"url\":\"https:\/\/canarias-lovers.com\/sv\/\",\"name\":\"Canarias Lovers: Tenerife + Gran Canaria\",\"description\":\"Claire och Manu's blogg\",\"publisher\":{\"@id\":\"https:\/\/canarias-lovers.com\/sv\/#organization\"},\"potentialAction\":[{\"@type\":\"SearchAction\",\"target\":{\"@type\":\"EntryPoint\",\"urlTemplate\":\"https:\/\/canarias-lovers.com\/sv\/?s={search_term_string}\"},\"query-input\":{\"@type\":\"PropertyValueSpecification\",\"valueRequired\":true,\"valueName\":\"search_term_string\"}}],\"inLanguage\":\"sv-SE\"},{\"@type\":\"Organization\",\"@id\":\"https:\/\/canarias-lovers.com\/sv\/#organization\",\"name\":\"Canarias Lovers: Tenerife + Gran Canaria\",\"url\":\"https:\/\/canarias-lovers.com\/sv\/\",\"logo\":{\"@type\":\"ImageObject\",\"inLanguage\":\"sv-SE\",\"@id\":\"https:\/\/canarias-lovers.com\/sv\/#\/schema\/logo\/image\/\",\"url\":\"https:\/\/canarias-lovers.com\/wp-content\/uploads\/2024\/05\/cropped-Canarias-Lovers-Logo.png\",\"contentUrl\":\"https:\/\/canarias-lovers.com\/wp-content\/uploads\/2024\/05\/cropped-Canarias-Lovers-Logo.png\",\"width\":2635,\"height\":595,\"caption\":\"Canarias Lovers: Tenerife + Gran Canaria\"},\"image\":{\"@id\":\"https:\/\/canarias-lovers.com\/sv\/#\/schema\/logo\/image\/\"}}]}<\/script>\n<!-- \/ Yoast SEO plugin. -->","yoast_head_json":{"title":"Om Emmanuel ROBINSON","robots":{"index":"index","follow":"follow","max-snippet":"max-snippet:-1","max-image-preview":"max-image-preview:large","max-video-preview":"max-video-preview:-1"},"canonical":"https:\/\/canarias-lovers.com\/sv\/emmanuel-robinson\/","og_locale":"sv_SE","og_type":"article","og_title":"Om Emmanuel ROBINSON","og_description":"M\u00f6t Emmanuel, som tillsammans med sin syster Claire grundade Region Lovers, ett glatt f\u00f6retag som har rest runt i v\u00e4rlden i \u00f6ver 10 \u00e5r f\u00f6r att ge dig h\u00f6gkvalitativ, anv\u00e4ndbar och &#8221;certifierat \u00e4kta&#8221; information. Vi vill hj\u00e4lpa dig att g\u00f6ra de val du beh\u00f6ver f\u00f6r att skapa en resa som passar dig. Teamet har vuxit [&hellip;]","og_url":"https:\/\/canarias-lovers.com\/sv\/emmanuel-robinson\/","og_site_name":"Canarias Lovers: Tenerife + Gran Canaria","article_modified_time":"2024-05-26T07:24:18+00:00","og_image":[{"url":"https:\/\/photos.smugmug.com\/Region-Lovers\/Equipe\/i-rHp5vtv\/0\/DxhGfR3RHZSTt9vfBxH7TBtFTC5vkk673Gmjm7MHS\/L\/manu-L.jpg","type":"","width":"","height":""}],"twitter_card":"summary_large_image","twitter_misc":{"Ber\u00e4knad l\u00e4stid":"1 minut"},"schema":{"@context":"https:\/\/schema.org","@graph":[{"@type":"WebPage","@id":"https:\/\/canarias-lovers.com\/sv\/emmanuel-robinson\/","url":"https:\/\/canarias-lovers.com\/sv\/emmanuel-robinson\/","name":"Om Emmanuel ROBINSON","isPartOf":{"@id":"https:\/\/canarias-lovers.com\/sv\/#website"},"primaryImageOfPage":{"@id":"https:\/\/canarias-lovers.com\/sv\/emmanuel-robinson\/#primaryimage"},"image":{"@id":"https:\/\/canarias-lovers.com\/sv\/emmanuel-robinson\/#primaryimage"},"thumbnailUrl":"https:\/\/photos.smugmug.com\/Region-Lovers\/Equipe\/i-rHp5vtv\/0\/DxhGfR3RHZSTt9vfBxH7TBtFTC5vkk673Gmjm7MHS\/L\/manu-L.jpg","datePublished":"2024-05-26T07:24:05+00:00","dateModified":"2024-05-26T07:24:18+00:00","breadcrumb":{"@id":"https:\/\/canarias-lovers.com\/sv\/emmanuel-robinson\/#breadcrumb"},"inLanguage":"sv-SE","potentialAction":[{"@type":"ReadAction","target":["https:\/\/canarias-lovers.com\/sv\/emmanuel-robinson\/"]}]},{"@type":"ImageObject","inLanguage":"sv-SE","@id":"https:\/\/canarias-lovers.com\/sv\/emmanuel-robinson\/#primaryimage","url":"https:\/\/photos.smugmug.com\/Region-Lovers\/Equipe\/i-rHp5vtv\/0\/DxhGfR3RHZSTt9vfBxH7TBtFTC5vkk673Gmjm7MHS\/L\/manu-L.jpg","contentUrl":"https:\/\/photos.smugmug.com\/Region-Lovers\/Equipe\/i-rHp5vtv\/0\/DxhGfR3RHZSTt9vfBxH7TBtFTC5vkk673Gmjm7MHS\/L\/manu-L.jpg"},{"@type":"BreadcrumbList","@id":"https:\/\/canarias-lovers.com\/sv\/emmanuel-robinson\/#breadcrumb","itemListElement":[{"@type":"ListItem","position":1,"name":"Accueil","item":"https:\/\/canarias-lovers.com\/sv\/"},{"@type":"ListItem","position":2,"name":"Om Emmanuel ROBINSON"}]},{"@type":"WebSite","@id":"https:\/\/canarias-lovers.com\/sv\/#website","url":"https:\/\/canarias-lovers.com\/sv\/","name":"Canarias Lovers: Tenerife + Gran Canaria","description":"Claire och Manu's blogg","publisher":{"@id":"https:\/\/canarias-lovers.com\/sv\/#organization"},"potentialAction":[{"@type":"SearchAction","target":{"@type":"EntryPoint","urlTemplate":"https:\/\/canarias-lovers.com\/sv\/?s={search_term_string}"},"query-input":{"@type":"PropertyValueSpecification","valueRequired":true,"valueName":"search_term_string"}}],"inLanguage":"sv-SE"},{"@type":"Organization","@id":"https:\/\/canarias-lovers.com\/sv\/#organization","name":"Canarias Lovers: Tenerife + Gran Canaria","url":"https:\/\/canarias-lovers.com\/sv\/","logo":{"@type":"ImageObject","inLanguage":"sv-SE","@id":"https:\/\/canarias-lovers.com\/sv\/#\/schema\/logo\/image\/","url":"https:\/\/canarias-lovers.com\/wp-content\/uploads\/2024\/05\/cropped-Canarias-Lovers-Logo.png","contentUrl":"https:\/\/canarias-lovers.com\/wp-content\/uploads\/2024\/05\/cropped-Canarias-Lovers-Logo.png","width":2635,"height":595,"caption":"Canarias Lovers: Tenerife + Gran Canaria"},"image":{"@id":"https:\/\/canarias-lovers.com\/sv\/#\/schema\/logo\/image\/"}}]}},"featured_image_src":null,"featured_image_src_square":null,"_links":{"self":[{"href":"https:\/\/canarias-lovers.com\/sv\/wp-json\/wp\/v2\/pages\/131","targetHints":{"allow":["GET"]}}],"collection":[{"href":"https:\/\/canarias-lovers.com\/sv\/wp-json\/wp\/v2\/pages"}],"about":[{"href":"https:\/\/canarias-lovers.com\/sv\/wp-json\/wp\/v2\/types\/page"}],"author":[{"embeddable":true,"href":"https:\/\/canarias-lovers.com\/sv\/wp-json\/wp\/v2\/users\/1"}],"replies":[{"embeddable":true,"href":"https:\/\/canarias-lovers.com\/sv\/wp-json\/wp\/v2\/comments?post=131"}],"version-history":[{"count":0,"href":"https:\/\/canarias-lovers.com\/sv\/wp-json\/wp\/v2\/pages\/131\/revisions"}],"wp:attachment":[{"href":"https:\/\/canarias-lovers.com\/sv\/wp-json\/wp\/v2\/media?parent=131"}],"curies":[{"name":"wp","href":"https:\/\/api.w.org\/{rel}","templated":true}]}}