{"id":7538,"date":"2025-08-12T07:06:58","date_gmt":"2025-08-12T07:06:58","guid":{"rendered":"https:\/\/canarias-lovers.com\/gran-canaria-canarias\/"},"modified":"2026-01-18T09:57:54","modified_gmt":"2026-01-18T09:57:54","slug":"gran-canaria-canarias","status":"publish","type":"page","link":"https:\/\/canarias-lovers.com\/pt-pt\/gran-canaria-canarias\/","title":{"rendered":"Gran Canaria: tudo o que precisa para planear a sua viagem"},"content":{"rendered":"\n<p><br\/>Comece aqui!<br\/>Aqui est\u00e3o os nossos principais artigos para o ajudar a planear a sua viagem \u00e0 Gran Canaria.<br\/>Muito simplesmente.<\/p>\n\n<h2 class=\"wp-block-heading\"><span class=\"ez-toc-section\" id=\"1_Decida_se_a_Gran_Canaria_e_o_destino_certo_para_si_e_quando_ir\"><\/span>1. Decida se a Gran Canaria \u00e9 o destino certo para si e quando ir<span class=\"ez-toc-section-end\"><\/span><\/h2>\n\n<p><a href=\"https:\/\/canarias-lovers.com\/pt-pt\/por-que-ir-ganhar-canarias-razoes\/\" target=\"_blank\" rel=\"noreferrer noopener\">Porqu\u00ea ir \u00e0 Gran Canaria<\/a><br\/><a href=\"https:\/\/canarias-lovers.com\/pt-pt\/paisagens-granadas-canarias-fotos\/\" target=\"_blank\" rel=\"noreferrer noopener\">As mais belas paisagens<\/a><br\/><a href=\"https:\/\/canarias-lovers.com\/pt-pt\/o-que-fazer-gran-canaria-visita\/\" target=\"_blank\" rel=\"noreferrer noopener\">O que fazer em Gran Canaria<\/a><br\/><a href=\"https:\/\/canarias-lovers.com\/pt-pt\/quando-ir-gran-canaria-melhor-epoca-tempo\/\" target=\"_blank\" rel=\"noreferrer noopener\">Quando \u00e9 que deve partir?<\/a><br\/><a href=\"https:\/\/canarias-lovers.com\/pt-pt\/quanto-dias-gran-canaria\/\" target=\"_blank\" rel=\"noreferrer noopener\">Quantos dias<\/a><br\/><a href=\"https:\/\/canarias-lovers.com\/pt-pt\/gran-canaria-seguro-perigos\/\" target=\"_blank\" rel=\"noreferrer noopener\">Qu\u00e3o segura \u00e9 a Gran Canaria?<\/a><br\/><a href=\"https:\/\/canarias-lovers.com\/pt-pt\/visitar-gran-canaria-inverno-tempo-sol-natal\/\" target=\"_blank\" rel=\"noreferrer noopener\">Gran Canaria no inverno<\/a><\/p>\n\n<figure class=\"wp-block-image size-large\"><img decoding=\"async\" src=\"https:\/\/photos.smugmug.com\/Canarias-Lovers\/Gran-Canaria\/Best\/Hikes-nature\/i-WfQrQxZ\/0\/CrLgzm4q4HRMC5sgWkknswwBcbqQsZvGmwSzVLxfS\/L\/maspalomas-dunes-beach-L.jpg\" alt=\"Dunas de Maspalomas\"\/><\/figure>\n\n<h2 class=\"wp-block-heading\"><span class=\"ez-toc-section\" id=\"2_Escolha_onde_ficar\"><\/span>2. Escolha onde ficar<span class=\"ez-toc-section-end\"><\/span><\/h2>\n\n<p><a href=\"https:\/\/canarias-lovers.com\/pt-pt\/onde-ficar-grao-canaria-melhores-destinos\/\" target=\"_blank\" rel=\"noreferrer noopener\">Onde ficar na Gran Canaria<\/a><br\/><a href=\"https:\/\/canarias-lovers.com\/pt-pt\/gran-canaria-norte-ou-sul\/\" target=\"_blank\" rel=\"noreferrer noopener\">Gran Canaria: Norte ou Sul?<\/a><\/p>\n\n<p><a href=\"https:\/\/canarias-lovers.com\/pt-pt\/melhores-hoteis-5-estrelas-gran-canaria-luxo-opinioes\/\" target=\"_blank\" rel=\"noreferrer noopener\">Hot\u00e9is de 5 estrelas<\/a><br\/><a href=\"https:\/\/canarias-lovers.com\/pt-pt\/melhores-hoteis-boutique-gran-canaria-charme\/\" target=\"_blank\" rel=\"noreferrer noopener\">Boutique-Hot\u00e9is<\/a><br\/><a href=\"https:\/\/canarias-lovers.com\/pt-pt\/melhores-hoteis-familias-gran-canaria-criancas-opinioes\/\" target=\"_blank\" rel=\"noreferrer noopener\">Hot\u00e9is para fam\u00edlias<\/a><br\/><a href=\"https:\/\/canarias-lovers.com\/pt-pt\/melhores-hoteis-so-para-adultos-gran-canaria\/\" target=\"_blank\" rel=\"noreferrer noopener\">Os melhores hot\u00e9is s\u00f3 para adultos<\/a><\/p>\n\n<h2 class=\"wp-block-heading\"><span class=\"ez-toc-section\" id=\"3_Itinerarios_inspiracao_para_o_planeamento\"><\/span>3. Itiner\u00e1rios: inspira\u00e7\u00e3o para o planeamento<span class=\"ez-toc-section-end\"><\/span><\/h2>\n\n<p>3 dias<br\/>4 dias  <br\/><a href=\"https:\/\/canarias-lovers.com\/pt-pt\/visitar-5-dias-gran-canaria-itinerario\/\" target=\"_blank\" rel=\"noreferrer noopener\">5 dias<\/a> <br\/><a href=\"https:\/\/canarias-lovers.com\/pt-pt\/visitar-6-dias-gran-canaria-itinerario\/\" target=\"_blank\" rel=\"noreferrer noopener\">6 dias<\/a> <br\/><a href=\"https:\/\/canarias-lovers.com\/pt-pt\/visitar-gran-canaria-uma-semana-itinerario\/\" target=\"_blank\" rel=\"noreferrer noopener\">1 semana<\/a> <br\/><a href=\"https:\/\/canarias-lovers.com\/pt-pt\/visitar-10-dias-gran-canaria-itinerario\/\" target=\"_blank\" rel=\"noreferrer noopener\">10 dias<\/a><\/p>\n\n<figure class=\"wp-block-image size-large\"><img decoding=\"async\" src=\"https:\/\/photos.smugmug.com\/Canarias-Lovers\/Gran-Canaria\/Best\/Hikes-nature\/i-6sD8Xjg\/0\/9NRcmdWfzG8qSzFDZZWzVnZddGVSpKqRrmtGBzfw\/L\/Roque-nublo-2-L.jpg\" alt=\"Roque Nublo\"\/><\/figure>\n\n<h2 class=\"wp-block-heading\"><span class=\"ez-toc-section\" id=\"4_Escolha_as_suas_atraccoes_preferidas\"><\/span>4. Escolha as suas atrac\u00e7\u00f5es preferidas<span class=\"ez-toc-section-end\"><\/span><\/h2>\n\n<p><a href=\"https:\/\/canarias-lovers.com\/pt-pt\/cidades-mais-bonitas-vilas-de-gran-canarias\/\" target=\"_blank\" rel=\"noreferrer noopener\">As cidades (e aldeias) mais bonitas<\/a><br\/><a href=\"https:\/\/canarias-lovers.com\/pt-pt\/mais-belezas-praias-gran-canaria\/\" target=\"_blank\" rel=\"noreferrer noopener\">As praias mais bonitas<\/a><br\/><a href=\"https:\/\/canarias-lovers.com\/pt-pt\/piscinas-naturais-granjas-canarias-lagunas\/\" target=\"_blank\" rel=\"noreferrer noopener\">As melhores piscinas naturais<\/a><br\/><a href=\"https:\/\/canarias-lovers.com\/pt-pt\/sitios-arqueologicos-gran-canaria\/\" target=\"_blank\" rel=\"noreferrer noopener\">S\u00edtios arqueol\u00f3gicos<\/a><br\/><a href=\"https:\/\/canarias-lovers.com\/pt-pt\/melhores-restaurantes-gran-canaria-onde-comer-opinioes\/\" target=\"_blank\" rel=\"noreferrer noopener\">Os melhores restaurantes<\/a><br\/><a href=\"https:\/\/canarias-lovers.com\/pt-pt\/melhores-museus-gran-canaria\/\" target=\"_blank\" rel=\"noreferrer noopener\">Os melhores museus<\/a><br\/><a href=\"https:\/\/canarias-lovers.com\/pt-pt\/locais-secretos-gran-canaria\/\" target=\"_blank\" rel=\"noreferrer noopener\">Lugares secretos<\/a><br\/><a href=\"https:\/\/canarias-lovers.com\/pt-pt\/melhores-restaurantes-gran-canaria-onde-comer-opinioes\/\" target=\"_blank\" rel=\"noreferrer noopener\">Os melhores restaurantes<\/a><br\/><a href=\"https:\/\/canarias-lovers.com\/pt-pt\/parques-tematicos-gran-canaria\/\" target=\"_blank\" rel=\"noreferrer noopener\">Parques de divers\u00e3o<\/a><\/p>\n\n<h2 class=\"wp-block-heading\"><span class=\"ez-toc-section\" id=\"5_Conselhos_praticos_para_se_preparar\"><\/span>5. Conselhos pr\u00e1ticos para se preparar<span class=\"ez-toc-section-end\"><\/span><\/h2>\n\n<p><a href=\"https:\/\/canarias-lovers.com\/pt-pt\/deslocar-gran-canaria-transportes\/\">Como se deslocar<\/a><br\/><a href=\"https:\/\/canarias-lovers.com\/pt-pt\/como-alugar-um-carro-gran-canaria-experiencias\/\" target=\"_blank\" rel=\"noreferrer noopener\">Alugar um carro em Gran Canaria<\/a><br\/><a href=\"https:\/\/canarias-lovers.com\/pt-pt\/conduzir-gran-canaria-conselhos\/\" target=\"_blank\" rel=\"noreferrer noopener\">Conduzir na Gran Canaria<\/a><\/p>\n\n<figure class=\"wp-block-image size-large\"><img decoding=\"async\" src=\"https:\/\/photos.smugmug.com\/Canarias-Lovers\/Gran-Canaria\/Driving\/i-rqnNnCs\/1\/K2vBsfwzDDxR4MrZFM8KRsrf8NvNDFh8jBRfNsg5k\/L\/gran-Canaria-rental-car-driving-3-L.jpg\" alt=\"Conduzir na Gran Canaria  \"\/><\/figure>\n\n<h2 class=\"wp-block-heading\"><span class=\"ez-toc-section\" id=\"6_Saiba_mais_sobre_a_cidade_que_escolheu_para_ficar\"><\/span>6. Saiba mais sobre a cidade que escolheu para ficar<span class=\"ez-toc-section-end\"><\/span><\/h2>\n\n<p>Maspalomas: <a href=\"https:\/\/canarias-lovers.com\/pt-pt\/o-que-fazer-maspalomas-visitar\/\" target=\"_blank\" rel=\"noreferrer noopener\">atrac\u00e7\u00f5es<\/a> &#8211; <a href=\"https:\/\/canarias-lovers.com\/pt-pt\/onde-ficar-maspalomas-melhores-hoteis-bairros\/\" target=\"_blank\" rel=\"noreferrer noopener\">hot\u00e9is<\/a> &#8211; <a href=\"https:\/\/canarias-lovers.com\/pt-pt\/melhores-excursoes-a-partir-maspalomas\/\" target=\"_blank\" rel=\"noreferrer noopener\">excurs\u00f5es<\/a><br\/>Playa del Ingles: <a href=\"https:\/\/canarias-lovers.com\/pt-pt\/o-que-fazer-playa-ingles-gran-canaria-visitar\/\" target=\"_blank\" rel=\"noreferrer noopener\">atrac\u00e7\u00f5es<\/a> &#8211; <a href=\"https:\/\/canarias-lovers.com\/pt-pt\/onde-dormir-playa-del-ingles-gran-canaria-best-hotels\/\" target=\"_blank\" rel=\"noreferrer noopener\">hot\u00e9is<\/a><br\/>Meloneras: <a href=\"https:\/\/canarias-lovers.com\/pt-pt\/o-que-fazer-meloneras-gran-canaria-visitar\/\" target=\"_blank\" rel=\"noreferrer noopener\">atrac\u00e7\u00f5es<\/a> &#8211; <a href=\"https:\/\/canarias-lovers.com\/pt-pt\/meilleurs-hotels-5-etoiles-meloneras-luxe-avis-2\/\" target=\"_blank\" rel=\"noreferrer noopener\">hot\u00e9is<\/a><br\/>Puerto de Mogan: <a href=\"https:\/\/canarias-lovers.com\/pt-pt\/o-que-fazer-puerto-mogan-visita\/\" target=\"_blank\" rel=\"noreferrer noopener\">o que fazer<\/a> &#8211; <a href=\"https:\/\/canarias-lovers.com\/pt-pt\/onde-ficar-puerto-mogan-melhores-hoteis-bairros\/\" target=\"_blank\" rel=\"noreferrer noopener\">hot\u00e9is<\/a> &#8211; <a href=\"https:\/\/canarias-lovers.com\/pt-pt\/melhores-restaurantes-puerto-de-mogan-gran-canaria-onde-comer-opinioes\/\" target=\"_blank\" rel=\"noreferrer noopener\">restaurantes<\/a><br\/>Porto Rico: <a href=\"https:\/\/canarias-lovers.com\/pt-pt\/o-que-fazer-puerto-rico-gran-canaria-visitar\/\" target=\"_blank\" rel=\"noreferrer noopener\">o que fazer<\/a> &#8211; <a href=\"https:\/\/canarias-lovers.com\/pt-pt\/onde-ficar-puerto-rico-gran-canaria-melhores-hoteis-bairros\/\" target=\"_blank\" rel=\"noreferrer noopener\">hot\u00e9is<\/a> &#8211; <a href=\"https:\/\/canarias-lovers.com\/pt-pt\/melhores-restaurantes-puerto-rico-gran-canaria-onde-comer-opinioes\/\" target=\"_blank\" rel=\"noreferrer noopener\">restaurantes<\/a><\/p>\n\n<h2 class=\"wp-block-heading\"><span class=\"ez-toc-section\" id=\"7_O_que_nao_pode_faltar\"><\/span>7. O que n\u00e3o pode faltar<span class=\"ez-toc-section-end\"><\/span><\/h2>\n\n<p><a href=\"https:\/\/canarias-lovers.com\/pt-pt\/o-que-fazer-agaete-visita\/\" target=\"_blank\" rel=\"noreferrer noopener\">Agaete<\/a><br\/><a href=\"https:\/\/canarias-lovers.com\/pt-pt\/dunes-maspalomas-gran-canaria-2\/\" target=\"_blank\" rel=\"noreferrer noopener\">Dunas de Maspalomas<\/a><br\/><a href=\"https:\/\/canarias-lovers.com\/pt-pt\/o-que-fazer-aguimes-gran-canaria-visitar\/\" target=\"_blank\" rel=\"noreferrer noopener\">Agu\u00efmes<\/a><br\/><a href=\"https:\/\/canarias-lovers.com\/pt-pt\/caminhada-roque-nublo-gran-canaria\/\" target=\"_blank\" rel=\"noreferrer noopener\">Roque Nublo<\/a><br\/><a href=\"https:\/\/canarias-lovers.com\/pt-pt\/barranco-guayadeque-gran-canaria-2\/\" target=\"_blank\" rel=\"noreferrer noopener\">Barranco de Guayadeque<\/a><\/p>\n\n<figure class=\"wp-block-image size-large\"><img decoding=\"async\" src=\"https:\/\/photos.smugmug.com\/Canarias-Lovers\/Gran-Canaria\/Best\/Villages-towns\/i-Dtd362z\/0\/Cx2cHc7cZC6dgk9KCFMzFBK5jC6xqDssdKGmcNgvz\/L\/ueblo_Aguimes-L.jpg\" alt=\"Agu&#xEF;mes\"\/><\/figure>\n\n<figure class=\"wp-block-image size-medium\"><img loading=\"lazy\" decoding=\"async\" width=\"300\" height=\"300\" src=\"https:\/\/canarias-lovers.com\/wp-content\/uploads\/2025\/08\/Gran-Canaria-300x300.jpg\" alt=\"Gran Canaria\" class=\"wp-image-7519\" srcset=\"https:\/\/canarias-lovers.com\/wp-content\/uploads\/2025\/08\/Gran-Canaria-300x300.jpg 300w, https:\/\/canarias-lovers.com\/wp-content\/uploads\/2025\/08\/Gran-Canaria-150x150.jpg 150w, https:\/\/canarias-lovers.com\/wp-content\/uploads\/2025\/08\/Gran-Canaria-768x768.jpg 768w, https:\/\/canarias-lovers.com\/wp-content\/uploads\/2025\/08\/Gran-Canaria-75x75.jpg 75w, https:\/\/canarias-lovers.com\/wp-content\/uploads\/2025\/08\/Gran-Canaria-600x600.jpg 600w, https:\/\/canarias-lovers.com\/wp-content\/uploads\/2025\/08\/Gran-Canaria.jpg 800w\" sizes=\"auto, (max-width: 300px) 100vw, 300px\" \/><\/figure>\n","protected":false},"excerpt":{"rendered":"<p>Comece aqui!Aqui est\u00e3o os nossos principais artigos para o ajudar a planear a sua viagem \u00e0 Gran Canaria.Muito simplesmente. 1. Decida se a Gran Canaria \u00e9 o destino certo para si e quando ir Porqu\u00ea ir \u00e0 Gran CanariaAs mais belas paisagensO que fazer em Gran CanariaQuando \u00e9 que deve partir?Quantos diasQu\u00e3o segura \u00e9 a [&hellip;]<\/p>\n","protected":false},"author":1,"featured_media":7525,"parent":0,"menu_order":0,"comment_status":"closed","ping_status":"closed","template":"","meta":{"_genesis_hide_title":false,"_genesis_hide_breadcrumbs":false,"_genesis_hide_singular_image":false,"_genesis_hide_footer_widgets":false,"_genesis_custom_body_class":"","_genesis_custom_post_class":"","_genesis_layout":"","footnotes":""},"class_list":{"0":"post-7538","1":"page","2":"type-page","3":"status-publish","4":"has-post-thumbnail","6":"entry"},"yoast_head":"<!-- This site is optimized with the Yoast SEO plugin v27.2 - https:\/\/yoast.com\/product\/yoast-seo-wordpress\/ -->\n<title>Gran Canaria: tudo o que precisa para planear a sua viagem<\/title>\n<meta name=\"description\" content=\"Todas as informa\u00e7\u00f5es necess\u00e1rias para planear uma viagem perfeita \u00e0 Gran Canaria! Atrac\u00e7\u00f5es, itiner\u00e1rios, conselhos\" \/>\n<meta name=\"robots\" content=\"index, follow, max-snippet:-1, max-image-preview:large, max-video-preview:-1\" \/>\n<link rel=\"canonical\" href=\"https:\/\/canarias-lovers.com\/pt-pt\/gran-canaria-canarias\/\" \/>\n<meta property=\"og:locale\" content=\"pt_PT\" \/>\n<meta property=\"og:type\" content=\"article\" \/>\n<meta property=\"og:title\" content=\"Gran Canaria: tudo o que precisa para planear a sua viagem\" \/>\n<meta property=\"og:description\" content=\"Todas as informa\u00e7\u00f5es necess\u00e1rias para planear uma viagem perfeita \u00e0 Gran Canaria! Atrac\u00e7\u00f5es, itiner\u00e1rios, conselhos\" \/>\n<meta property=\"og:url\" content=\"https:\/\/canarias-lovers.com\/pt-pt\/gran-canaria-canarias\/\" \/>\n<meta property=\"og:site_name\" content=\"Canarias Lovers: Tenerife + Gran Canaria\" \/>\n<meta property=\"article:modified_time\" content=\"2026-01-18T09:57:54+00:00\" \/>\n<meta property=\"og:image\" content=\"https:\/\/canarias-lovers.com\/wp-content\/uploads\/2025\/08\/Gran-Canaria.jpg\" \/>\n\t<meta property=\"og:image:width\" content=\"800\" \/>\n\t<meta property=\"og:image:height\" content=\"800\" \/>\n\t<meta property=\"og:image:type\" content=\"image\/jpeg\" \/>\n<meta name=\"twitter:card\" content=\"summary_large_image\" \/>\n<meta name=\"twitter:label1\" content=\"Tempo estimado de leitura\" \/>\n\t<meta name=\"twitter:data1\" content=\"1 minuto\" \/>\n<script type=\"application\/ld+json\" class=\"yoast-schema-graph\">{\"@context\":\"https:\/\/schema.org\",\"@graph\":[{\"@type\":\"WebPage\",\"@id\":\"https:\/\/canarias-lovers.com\/pt-pt\/gran-canaria-canarias\/\",\"url\":\"https:\/\/canarias-lovers.com\/pt-pt\/gran-canaria-canarias\/\",\"name\":\"Gran Canaria: tudo o que precisa para planear a sua viagem\",\"isPartOf\":{\"@id\":\"https:\/\/canarias-lovers.com\/pt-pt\/#website\"},\"primaryImageOfPage\":{\"@id\":\"https:\/\/canarias-lovers.com\/pt-pt\/gran-canaria-canarias\/#primaryimage\"},\"image\":{\"@id\":\"https:\/\/canarias-lovers.com\/pt-pt\/gran-canaria-canarias\/#primaryimage\"},\"thumbnailUrl\":\"https:\/\/canarias-lovers.com\/wp-content\/uploads\/2025\/08\/Gran-Canaria.jpg\",\"datePublished\":\"2025-08-12T07:06:58+00:00\",\"dateModified\":\"2026-01-18T09:57:54+00:00\",\"description\":\"Todas as informa\u00e7\u00f5es necess\u00e1rias para planear uma viagem perfeita \u00e0 Gran Canaria! Atrac\u00e7\u00f5es, itiner\u00e1rios, conselhos\",\"breadcrumb\":{\"@id\":\"https:\/\/canarias-lovers.com\/pt-pt\/gran-canaria-canarias\/#breadcrumb\"},\"inLanguage\":\"pt-PT\",\"potentialAction\":[{\"@type\":\"ReadAction\",\"target\":[\"https:\/\/canarias-lovers.com\/pt-pt\/gran-canaria-canarias\/\"]}]},{\"@type\":\"ImageObject\",\"inLanguage\":\"pt-PT\",\"@id\":\"https:\/\/canarias-lovers.com\/pt-pt\/gran-canaria-canarias\/#primaryimage\",\"url\":\"https:\/\/canarias-lovers.com\/wp-content\/uploads\/2025\/08\/Gran-Canaria.jpg\",\"contentUrl\":\"https:\/\/canarias-lovers.com\/wp-content\/uploads\/2025\/08\/Gran-Canaria.jpg\",\"width\":800,\"height\":800,\"caption\":\"Gran Canaria\"},{\"@type\":\"BreadcrumbList\",\"@id\":\"https:\/\/canarias-lovers.com\/pt-pt\/gran-canaria-canarias\/#breadcrumb\",\"itemListElement\":[{\"@type\":\"ListItem\",\"position\":1,\"name\":\"Accueil\",\"item\":\"https:\/\/canarias-lovers.com\/pt-pt\/\"},{\"@type\":\"ListItem\",\"position\":2,\"name\":\"Gran Canaria: tudo o que precisa para planear a sua viagem\"}]},{\"@type\":\"WebSite\",\"@id\":\"https:\/\/canarias-lovers.com\/pt-pt\/#website\",\"url\":\"https:\/\/canarias-lovers.com\/pt-pt\/\",\"name\":\"Canarias Lovers: Tenerife + Gran Canaria\",\"description\":\"Blogue da Claire e da Manu\",\"publisher\":{\"@id\":\"https:\/\/canarias-lovers.com\/pt-pt\/#organization\"},\"potentialAction\":[{\"@type\":\"SearchAction\",\"target\":{\"@type\":\"EntryPoint\",\"urlTemplate\":\"https:\/\/canarias-lovers.com\/pt-pt\/?s={search_term_string}\"},\"query-input\":{\"@type\":\"PropertyValueSpecification\",\"valueRequired\":true,\"valueName\":\"search_term_string\"}}],\"inLanguage\":\"pt-PT\"},{\"@type\":\"Organization\",\"@id\":\"https:\/\/canarias-lovers.com\/pt-pt\/#organization\",\"name\":\"Canarias Lovers: Tenerife + Gran Canaria\",\"url\":\"https:\/\/canarias-lovers.com\/pt-pt\/\",\"logo\":{\"@type\":\"ImageObject\",\"inLanguage\":\"pt-PT\",\"@id\":\"https:\/\/canarias-lovers.com\/pt-pt\/#\/schema\/logo\/image\/\",\"url\":\"https:\/\/canarias-lovers.com\/wp-content\/uploads\/2024\/05\/cropped-Canarias-Lovers-Logo.png\",\"contentUrl\":\"https:\/\/canarias-lovers.com\/wp-content\/uploads\/2024\/05\/cropped-Canarias-Lovers-Logo.png\",\"width\":2635,\"height\":595,\"caption\":\"Canarias Lovers: Tenerife + Gran Canaria\"},\"image\":{\"@id\":\"https:\/\/canarias-lovers.com\/pt-pt\/#\/schema\/logo\/image\/\"}}]}<\/script>\n<!-- \/ Yoast SEO plugin. -->","yoast_head_json":{"title":"Gran Canaria: tudo o que precisa para planear a sua viagem","description":"Todas as informa\u00e7\u00f5es necess\u00e1rias para planear uma viagem perfeita \u00e0 Gran Canaria! Atrac\u00e7\u00f5es, itiner\u00e1rios, conselhos","robots":{"index":"index","follow":"follow","max-snippet":"max-snippet:-1","max-image-preview":"max-image-preview:large","max-video-preview":"max-video-preview:-1"},"canonical":"https:\/\/canarias-lovers.com\/pt-pt\/gran-canaria-canarias\/","og_locale":"pt_PT","og_type":"article","og_title":"Gran Canaria: tudo o que precisa para planear a sua viagem","og_description":"Todas as informa\u00e7\u00f5es necess\u00e1rias para planear uma viagem perfeita \u00e0 Gran Canaria! Atrac\u00e7\u00f5es, itiner\u00e1rios, conselhos","og_url":"https:\/\/canarias-lovers.com\/pt-pt\/gran-canaria-canarias\/","og_site_name":"Canarias Lovers: Tenerife + Gran Canaria","article_modified_time":"2026-01-18T09:57:54+00:00","og_image":[{"width":800,"height":800,"url":"https:\/\/canarias-lovers.com\/wp-content\/uploads\/2025\/08\/Gran-Canaria.jpg","type":"image\/jpeg"}],"twitter_card":"summary_large_image","twitter_misc":{"Tempo estimado de leitura":"1 minuto"},"schema":{"@context":"https:\/\/schema.org","@graph":[{"@type":"WebPage","@id":"https:\/\/canarias-lovers.com\/pt-pt\/gran-canaria-canarias\/","url":"https:\/\/canarias-lovers.com\/pt-pt\/gran-canaria-canarias\/","name":"Gran Canaria: tudo o que precisa para planear a sua viagem","isPartOf":{"@id":"https:\/\/canarias-lovers.com\/pt-pt\/#website"},"primaryImageOfPage":{"@id":"https:\/\/canarias-lovers.com\/pt-pt\/gran-canaria-canarias\/#primaryimage"},"image":{"@id":"https:\/\/canarias-lovers.com\/pt-pt\/gran-canaria-canarias\/#primaryimage"},"thumbnailUrl":"https:\/\/canarias-lovers.com\/wp-content\/uploads\/2025\/08\/Gran-Canaria.jpg","datePublished":"2025-08-12T07:06:58+00:00","dateModified":"2026-01-18T09:57:54+00:00","description":"Todas as informa\u00e7\u00f5es necess\u00e1rias para planear uma viagem perfeita \u00e0 Gran Canaria! Atrac\u00e7\u00f5es, itiner\u00e1rios, conselhos","breadcrumb":{"@id":"https:\/\/canarias-lovers.com\/pt-pt\/gran-canaria-canarias\/#breadcrumb"},"inLanguage":"pt-PT","potentialAction":[{"@type":"ReadAction","target":["https:\/\/canarias-lovers.com\/pt-pt\/gran-canaria-canarias\/"]}]},{"@type":"ImageObject","inLanguage":"pt-PT","@id":"https:\/\/canarias-lovers.com\/pt-pt\/gran-canaria-canarias\/#primaryimage","url":"https:\/\/canarias-lovers.com\/wp-content\/uploads\/2025\/08\/Gran-Canaria.jpg","contentUrl":"https:\/\/canarias-lovers.com\/wp-content\/uploads\/2025\/08\/Gran-Canaria.jpg","width":800,"height":800,"caption":"Gran Canaria"},{"@type":"BreadcrumbList","@id":"https:\/\/canarias-lovers.com\/pt-pt\/gran-canaria-canarias\/#breadcrumb","itemListElement":[{"@type":"ListItem","position":1,"name":"Accueil","item":"https:\/\/canarias-lovers.com\/pt-pt\/"},{"@type":"ListItem","position":2,"name":"Gran Canaria: tudo o que precisa para planear a sua viagem"}]},{"@type":"WebSite","@id":"https:\/\/canarias-lovers.com\/pt-pt\/#website","url":"https:\/\/canarias-lovers.com\/pt-pt\/","name":"Canarias Lovers: Tenerife + Gran Canaria","description":"Blogue da Claire e da Manu","publisher":{"@id":"https:\/\/canarias-lovers.com\/pt-pt\/#organization"},"potentialAction":[{"@type":"SearchAction","target":{"@type":"EntryPoint","urlTemplate":"https:\/\/canarias-lovers.com\/pt-pt\/?s={search_term_string}"},"query-input":{"@type":"PropertyValueSpecification","valueRequired":true,"valueName":"search_term_string"}}],"inLanguage":"pt-PT"},{"@type":"Organization","@id":"https:\/\/canarias-lovers.com\/pt-pt\/#organization","name":"Canarias Lovers: Tenerife + Gran Canaria","url":"https:\/\/canarias-lovers.com\/pt-pt\/","logo":{"@type":"ImageObject","inLanguage":"pt-PT","@id":"https:\/\/canarias-lovers.com\/pt-pt\/#\/schema\/logo\/image\/","url":"https:\/\/canarias-lovers.com\/wp-content\/uploads\/2024\/05\/cropped-Canarias-Lovers-Logo.png","contentUrl":"https:\/\/canarias-lovers.com\/wp-content\/uploads\/2024\/05\/cropped-Canarias-Lovers-Logo.png","width":2635,"height":595,"caption":"Canarias Lovers: Tenerife + Gran Canaria"},"image":{"@id":"https:\/\/canarias-lovers.com\/pt-pt\/#\/schema\/logo\/image\/"}}]}},"featured_image_src":"https:\/\/canarias-lovers.com\/wp-content\/uploads\/2025\/08\/Gran-Canaria-600x400.jpg","featured_image_src_square":"https:\/\/canarias-lovers.com\/wp-content\/uploads\/2025\/08\/Gran-Canaria-600x600.jpg","_links":{"self":[{"href":"https:\/\/canarias-lovers.com\/pt-pt\/wp-json\/wp\/v2\/pages\/7538","targetHints":{"allow":["GET"]}}],"collection":[{"href":"https:\/\/canarias-lovers.com\/pt-pt\/wp-json\/wp\/v2\/pages"}],"about":[{"href":"https:\/\/canarias-lovers.com\/pt-pt\/wp-json\/wp\/v2\/types\/page"}],"author":[{"embeddable":true,"href":"https:\/\/canarias-lovers.com\/pt-pt\/wp-json\/wp\/v2\/users\/1"}],"replies":[{"embeddable":true,"href":"https:\/\/canarias-lovers.com\/pt-pt\/wp-json\/wp\/v2\/comments?post=7538"}],"version-history":[{"count":0,"href":"https:\/\/canarias-lovers.com\/pt-pt\/wp-json\/wp\/v2\/pages\/7538\/revisions"}],"wp:featuredmedia":[{"embeddable":true,"href":"https:\/\/canarias-lovers.com\/pt-pt\/wp-json\/wp\/v2\/media\/7525"}],"wp:attachment":[{"href":"https:\/\/canarias-lovers.com\/pt-pt\/wp-json\/wp\/v2\/media?parent=7538"}],"curies":[{"name":"wp","href":"https:\/\/api.w.org\/{rel}","templated":true}]}}