{"id":219,"date":"2024-05-26T07:31:07","date_gmt":"2024-05-26T07:31:07","guid":{"rendered":"https:\/\/canarias-lovers.com\/morgane-mazelier\/"},"modified":"2024-05-26T07:31:20","modified_gmt":"2024-05-26T07:31:20","slug":"morgane-mazelier","status":"publish","type":"page","link":"https:\/\/canarias-lovers.com\/pt-pt\/morgane-mazelier\/","title":{"rendered":"Sobre Morgane MAZELIER"},"content":{"rendered":"\n<p>Apresento-te a Morgane, funcion\u00e1ria da Region Lovers, uma empresa feliz que viaja pelo mundo h\u00e1 mais de 10 anos para te trazer informa\u00e7\u00f5es certificadas, de alta qualidade e \u00fateis. Queremos ajud\u00e1-lo a fazer as escolhas necess\u00e1rias para construir uma viagem \u00e0 sua medida.<\/p>\n\n<p>A equipa cresceu ao longo dos anos, mas Morgane, como todos os autores de Region Lovers, respeita um quadro e valores para cumprir o nosso contrato de confian\u00e7a com os nossos leitores. Felizmente, por\u00e9m, cada artigo \u00e9 sempre um reflexo do seu autor e das suas paix\u00f5es.<\/p>\n<div class=\"wp-block-image\">\n<figure class=\"aligncenter size-large\"><img decoding=\"async\" src=\"https:\/\/photos.smugmug.com\/Region-Lovers\/Equipe\/i-kx84ZJX\/0\/490fe68e\/L\/morgane-L.jpg\" alt=\"\"\/><\/figure>\n<\/div>\n<h2 class=\"wp-block-heading\"><span class=\"ez-toc-section\" id=\"A_sua_carreira\"><\/span>A sua carreira<span class=\"ez-toc-section-end\"><\/span><\/h2>\n\n<ul class=\"wp-block-list\">\n<li>Um mestrado em marketing e comunica\u00e7\u00e3o, com especializa\u00e7\u00e3o em meios digitais<\/li>\n\n\n\n<li>Uma experi\u00eancia profissional gratificante desde 2015: institui\u00e7\u00f5es, moda, cultura, tecnologia, empreendedorismo&#8230;<\/li>\n\n\n\n<li>Descobre os melhores endere\u00e7os da tua cidade como guia num tour gastron\u00f3mico<\/li>\n<\/ul>\n\n<p class=\"has-text-align-left\">Descubra o seu <a href=\"https:\/\/www.linkedin.com\/in\/morgane-mazelier-communication\/\" target=\"_blank\" rel=\"noreferrer noopener\">perfil no Linkedin<\/a><\/p>\n\n<h2 class=\"wp-block-heading\"><span class=\"ez-toc-section\" id=\"O_que_gosta_particularmente_de_escrever\"><\/span>O que gosta particularmente de escrever<span class=\"ez-toc-section-end\"><\/span><\/h2>\n\n<ul class=\"wp-block-list\">\n<li>Artigos dedicados \u00e0s road-trips para encorajar os nossos leitores a partirem sozinhos com as suas mochilas, com toda a confian\u00e7a.<\/li>\n\n\n\n<li>Artigos sobre destinos ex\u00f3ticos para leitores que procuram aventura<\/li>\n\n\n\n<li>Artigos sobre museus onde a intera\u00e7\u00e3o e o entretenimento est\u00e3o na ordem do dia.<\/li>\n\n\n\n<li>Percursos na natureza, porque adora fazer caminhadas e estar ao ar livre<\/li>\n<\/ul>\n","protected":false},"excerpt":{"rendered":"<p>Apresento-te a Morgane, funcion\u00e1ria da Region Lovers, uma empresa feliz que viaja pelo mundo h\u00e1 mais de 10 anos para te trazer informa\u00e7\u00f5es certificadas, de alta qualidade e \u00fateis. Queremos ajud\u00e1-lo a fazer as escolhas necess\u00e1rias para construir uma viagem \u00e0 sua medida. A equipa cresceu ao longo dos anos, mas Morgane, como todos os [&hellip;]<\/p>\n","protected":false},"author":1,"featured_media":0,"parent":0,"menu_order":0,"comment_status":"closed","ping_status":"closed","template":"","meta":{"_genesis_hide_title":false,"_genesis_hide_breadcrumbs":false,"_genesis_hide_singular_image":false,"_genesis_hide_footer_widgets":false,"_genesis_custom_body_class":"","_genesis_custom_post_class":"","_genesis_layout":"","footnotes":""},"class_list":{"0":"post-219","1":"page","2":"type-page","3":"status-publish","5":"entry"},"yoast_head":"<!-- This site is optimized with the Yoast SEO plugin v27.2 - https:\/\/yoast.com\/product\/yoast-seo-wordpress\/ -->\n<title>Sobre Morgane MAZELIER<\/title>\n<meta name=\"robots\" content=\"index, follow, max-snippet:-1, max-image-preview:large, max-video-preview:-1\" \/>\n<link rel=\"canonical\" href=\"https:\/\/canarias-lovers.com\/pt-pt\/morgane-mazelier\/\" \/>\n<meta property=\"og:locale\" content=\"pt_PT\" \/>\n<meta property=\"og:type\" content=\"article\" \/>\n<meta property=\"og:title\" content=\"Sobre Morgane MAZELIER\" \/>\n<meta property=\"og:description\" content=\"Apresento-te a Morgane, funcion\u00e1ria da Region Lovers, uma empresa feliz que viaja pelo mundo h\u00e1 mais de 10 anos para te trazer informa\u00e7\u00f5es certificadas, de alta qualidade e \u00fateis. Queremos ajud\u00e1-lo a fazer as escolhas necess\u00e1rias para construir uma viagem \u00e0 sua medida. A equipa cresceu ao longo dos anos, mas Morgane, como todos os [&hellip;]\" \/>\n<meta property=\"og:url\" content=\"https:\/\/canarias-lovers.com\/pt-pt\/morgane-mazelier\/\" \/>\n<meta property=\"og:site_name\" content=\"Canarias Lovers: Tenerife + Gran Canaria\" \/>\n<meta property=\"article:modified_time\" content=\"2024-05-26T07:31:20+00:00\" \/>\n<meta property=\"og:image\" content=\"https:\/\/photos.smugmug.com\/Region-Lovers\/Equipe\/i-kx84ZJX\/0\/490fe68e\/L\/morgane-L.jpg\" \/>\n<meta name=\"twitter:card\" content=\"summary_large_image\" \/>\n<meta name=\"twitter:label1\" content=\"Tempo estimado de leitura\" \/>\n\t<meta name=\"twitter:data1\" content=\"1 minuto\" \/>\n<script type=\"application\/ld+json\" class=\"yoast-schema-graph\">{\"@context\":\"https:\/\/schema.org\",\"@graph\":[{\"@type\":\"WebPage\",\"@id\":\"https:\/\/canarias-lovers.com\/pt-pt\/morgane-mazelier\/\",\"url\":\"https:\/\/canarias-lovers.com\/pt-pt\/morgane-mazelier\/\",\"name\":\"Sobre Morgane MAZELIER\",\"isPartOf\":{\"@id\":\"https:\/\/canarias-lovers.com\/pt-pt\/#website\"},\"primaryImageOfPage\":{\"@id\":\"https:\/\/canarias-lovers.com\/pt-pt\/morgane-mazelier\/#primaryimage\"},\"image\":{\"@id\":\"https:\/\/canarias-lovers.com\/pt-pt\/morgane-mazelier\/#primaryimage\"},\"thumbnailUrl\":\"https:\/\/photos.smugmug.com\/Region-Lovers\/Equipe\/i-kx84ZJX\/0\/490fe68e\/L\/morgane-L.jpg\",\"datePublished\":\"2024-05-26T07:31:07+00:00\",\"dateModified\":\"2024-05-26T07:31:20+00:00\",\"breadcrumb\":{\"@id\":\"https:\/\/canarias-lovers.com\/pt-pt\/morgane-mazelier\/#breadcrumb\"},\"inLanguage\":\"pt-PT\",\"potentialAction\":[{\"@type\":\"ReadAction\",\"target\":[\"https:\/\/canarias-lovers.com\/pt-pt\/morgane-mazelier\/\"]}]},{\"@type\":\"ImageObject\",\"inLanguage\":\"pt-PT\",\"@id\":\"https:\/\/canarias-lovers.com\/pt-pt\/morgane-mazelier\/#primaryimage\",\"url\":\"https:\/\/photos.smugmug.com\/Region-Lovers\/Equipe\/i-kx84ZJX\/0\/490fe68e\/L\/morgane-L.jpg\",\"contentUrl\":\"https:\/\/photos.smugmug.com\/Region-Lovers\/Equipe\/i-kx84ZJX\/0\/490fe68e\/L\/morgane-L.jpg\"},{\"@type\":\"BreadcrumbList\",\"@id\":\"https:\/\/canarias-lovers.com\/pt-pt\/morgane-mazelier\/#breadcrumb\",\"itemListElement\":[{\"@type\":\"ListItem\",\"position\":1,\"name\":\"Accueil\",\"item\":\"https:\/\/canarias-lovers.com\/pt-pt\/\"},{\"@type\":\"ListItem\",\"position\":2,\"name\":\"Sobre Morgane MAZELIER\"}]},{\"@type\":\"WebSite\",\"@id\":\"https:\/\/canarias-lovers.com\/pt-pt\/#website\",\"url\":\"https:\/\/canarias-lovers.com\/pt-pt\/\",\"name\":\"Canarias Lovers: Tenerife + Gran Canaria\",\"description\":\"Blogue da Claire e da Manu\",\"publisher\":{\"@id\":\"https:\/\/canarias-lovers.com\/pt-pt\/#organization\"},\"potentialAction\":[{\"@type\":\"SearchAction\",\"target\":{\"@type\":\"EntryPoint\",\"urlTemplate\":\"https:\/\/canarias-lovers.com\/pt-pt\/?s={search_term_string}\"},\"query-input\":{\"@type\":\"PropertyValueSpecification\",\"valueRequired\":true,\"valueName\":\"search_term_string\"}}],\"inLanguage\":\"pt-PT\"},{\"@type\":\"Organization\",\"@id\":\"https:\/\/canarias-lovers.com\/pt-pt\/#organization\",\"name\":\"Canarias Lovers: Tenerife + Gran Canaria\",\"url\":\"https:\/\/canarias-lovers.com\/pt-pt\/\",\"logo\":{\"@type\":\"ImageObject\",\"inLanguage\":\"pt-PT\",\"@id\":\"https:\/\/canarias-lovers.com\/pt-pt\/#\/schema\/logo\/image\/\",\"url\":\"https:\/\/canarias-lovers.com\/wp-content\/uploads\/2024\/05\/cropped-Canarias-Lovers-Logo.png\",\"contentUrl\":\"https:\/\/canarias-lovers.com\/wp-content\/uploads\/2024\/05\/cropped-Canarias-Lovers-Logo.png\",\"width\":2635,\"height\":595,\"caption\":\"Canarias Lovers: Tenerife + Gran Canaria\"},\"image\":{\"@id\":\"https:\/\/canarias-lovers.com\/pt-pt\/#\/schema\/logo\/image\/\"}}]}<\/script>\n<!-- \/ Yoast SEO plugin. -->","yoast_head_json":{"title":"Sobre Morgane MAZELIER","robots":{"index":"index","follow":"follow","max-snippet":"max-snippet:-1","max-image-preview":"max-image-preview:large","max-video-preview":"max-video-preview:-1"},"canonical":"https:\/\/canarias-lovers.com\/pt-pt\/morgane-mazelier\/","og_locale":"pt_PT","og_type":"article","og_title":"Sobre Morgane MAZELIER","og_description":"Apresento-te a Morgane, funcion\u00e1ria da Region Lovers, uma empresa feliz que viaja pelo mundo h\u00e1 mais de 10 anos para te trazer informa\u00e7\u00f5es certificadas, de alta qualidade e \u00fateis. Queremos ajud\u00e1-lo a fazer as escolhas necess\u00e1rias para construir uma viagem \u00e0 sua medida. A equipa cresceu ao longo dos anos, mas Morgane, como todos os [&hellip;]","og_url":"https:\/\/canarias-lovers.com\/pt-pt\/morgane-mazelier\/","og_site_name":"Canarias Lovers: Tenerife + Gran Canaria","article_modified_time":"2024-05-26T07:31:20+00:00","og_image":[{"url":"https:\/\/photos.smugmug.com\/Region-Lovers\/Equipe\/i-kx84ZJX\/0\/490fe68e\/L\/morgane-L.jpg","type":"","width":"","height":""}],"twitter_card":"summary_large_image","twitter_misc":{"Tempo estimado de leitura":"1 minuto"},"schema":{"@context":"https:\/\/schema.org","@graph":[{"@type":"WebPage","@id":"https:\/\/canarias-lovers.com\/pt-pt\/morgane-mazelier\/","url":"https:\/\/canarias-lovers.com\/pt-pt\/morgane-mazelier\/","name":"Sobre Morgane MAZELIER","isPartOf":{"@id":"https:\/\/canarias-lovers.com\/pt-pt\/#website"},"primaryImageOfPage":{"@id":"https:\/\/canarias-lovers.com\/pt-pt\/morgane-mazelier\/#primaryimage"},"image":{"@id":"https:\/\/canarias-lovers.com\/pt-pt\/morgane-mazelier\/#primaryimage"},"thumbnailUrl":"https:\/\/photos.smugmug.com\/Region-Lovers\/Equipe\/i-kx84ZJX\/0\/490fe68e\/L\/morgane-L.jpg","datePublished":"2024-05-26T07:31:07+00:00","dateModified":"2024-05-26T07:31:20+00:00","breadcrumb":{"@id":"https:\/\/canarias-lovers.com\/pt-pt\/morgane-mazelier\/#breadcrumb"},"inLanguage":"pt-PT","potentialAction":[{"@type":"ReadAction","target":["https:\/\/canarias-lovers.com\/pt-pt\/morgane-mazelier\/"]}]},{"@type":"ImageObject","inLanguage":"pt-PT","@id":"https:\/\/canarias-lovers.com\/pt-pt\/morgane-mazelier\/#primaryimage","url":"https:\/\/photos.smugmug.com\/Region-Lovers\/Equipe\/i-kx84ZJX\/0\/490fe68e\/L\/morgane-L.jpg","contentUrl":"https:\/\/photos.smugmug.com\/Region-Lovers\/Equipe\/i-kx84ZJX\/0\/490fe68e\/L\/morgane-L.jpg"},{"@type":"BreadcrumbList","@id":"https:\/\/canarias-lovers.com\/pt-pt\/morgane-mazelier\/#breadcrumb","itemListElement":[{"@type":"ListItem","position":1,"name":"Accueil","item":"https:\/\/canarias-lovers.com\/pt-pt\/"},{"@type":"ListItem","position":2,"name":"Sobre Morgane MAZELIER"}]},{"@type":"WebSite","@id":"https:\/\/canarias-lovers.com\/pt-pt\/#website","url":"https:\/\/canarias-lovers.com\/pt-pt\/","name":"Canarias Lovers: Tenerife + Gran Canaria","description":"Blogue da Claire e da Manu","publisher":{"@id":"https:\/\/canarias-lovers.com\/pt-pt\/#organization"},"potentialAction":[{"@type":"SearchAction","target":{"@type":"EntryPoint","urlTemplate":"https:\/\/canarias-lovers.com\/pt-pt\/?s={search_term_string}"},"query-input":{"@type":"PropertyValueSpecification","valueRequired":true,"valueName":"search_term_string"}}],"inLanguage":"pt-PT"},{"@type":"Organization","@id":"https:\/\/canarias-lovers.com\/pt-pt\/#organization","name":"Canarias Lovers: Tenerife + Gran Canaria","url":"https:\/\/canarias-lovers.com\/pt-pt\/","logo":{"@type":"ImageObject","inLanguage":"pt-PT","@id":"https:\/\/canarias-lovers.com\/pt-pt\/#\/schema\/logo\/image\/","url":"https:\/\/canarias-lovers.com\/wp-content\/uploads\/2024\/05\/cropped-Canarias-Lovers-Logo.png","contentUrl":"https:\/\/canarias-lovers.com\/wp-content\/uploads\/2024\/05\/cropped-Canarias-Lovers-Logo.png","width":2635,"height":595,"caption":"Canarias Lovers: Tenerife + Gran Canaria"},"image":{"@id":"https:\/\/canarias-lovers.com\/pt-pt\/#\/schema\/logo\/image\/"}}]}},"featured_image_src":null,"featured_image_src_square":null,"_links":{"self":[{"href":"https:\/\/canarias-lovers.com\/pt-pt\/wp-json\/wp\/v2\/pages\/219","targetHints":{"allow":["GET"]}}],"collection":[{"href":"https:\/\/canarias-lovers.com\/pt-pt\/wp-json\/wp\/v2\/pages"}],"about":[{"href":"https:\/\/canarias-lovers.com\/pt-pt\/wp-json\/wp\/v2\/types\/page"}],"author":[{"embeddable":true,"href":"https:\/\/canarias-lovers.com\/pt-pt\/wp-json\/wp\/v2\/users\/1"}],"replies":[{"embeddable":true,"href":"https:\/\/canarias-lovers.com\/pt-pt\/wp-json\/wp\/v2\/comments?post=219"}],"version-history":[{"count":0,"href":"https:\/\/canarias-lovers.com\/pt-pt\/wp-json\/wp\/v2\/pages\/219\/revisions"}],"wp:attachment":[{"href":"https:\/\/canarias-lovers.com\/pt-pt\/wp-json\/wp\/v2\/media?parent=219"}],"curies":[{"name":"wp","href":"https:\/\/api.w.org\/{rel}","templated":true}]}}