{"id":7541,"date":"2025-08-12T07:06:58","date_gmt":"2025-08-12T07:06:58","guid":{"rendered":"https:\/\/canarias-lovers.com\/gran-canaria-canarias\/"},"modified":"2026-01-18T09:57:48","modified_gmt":"2026-01-18T09:57:48","slug":"gran-canaria-canarias","status":"publish","type":"page","link":"https:\/\/canarias-lovers.com\/da\/gran-canaria-canarias\/","title":{"rendered":"Gran Canaria: alt hvad du beh\u00f8ver for at planl\u00e6gge din rejse"},"content":{"rendered":"\n<p><br\/>Begynd her!<br\/>Her er vores vigtigste artikler, som kan hj\u00e6lpe dig med at planl\u00e6gge din rejse til Gran Canaria.<br\/>Ganske enkelt.<\/p>\n\n<h2 class=\"wp-block-heading\"><span class=\"ez-toc-section\" id=\"1_Beslut_om_Gran_Canaria_er_den_rigtige_destination_for_dig_og_hvornaar_du_skal_rejse\"><\/span>1. Beslut, om Gran Canaria er den rigtige destination for dig, og hvorn\u00e5r du skal rejse<span class=\"ez-toc-section-end\"><\/span><\/h2>\n\n<p><a href=\"https:\/\/canarias-lovers.com\/da\/hvorfor-besoge-gran-canaria-vaerd\/\" target=\"_blank\" rel=\"noreferrer noopener\">Hvorfor tage til Gran Canaria<\/a><br\/><a href=\"https:\/\/canarias-lovers.com\/da\/landskaber-gran-canaria-fotos\/\" target=\"_blank\" rel=\"noreferrer noopener\">De smukkeste landskaber<\/a><br\/><a href=\"https:\/\/canarias-lovers.com\/da\/sevaerdigheder-gran-canaria-besog\/\" target=\"_blank\" rel=\"noreferrer noopener\">Sev\u00e6rdigheder p\u00e5 Gran Canaria<\/a><br\/><a href=\"https:\/\/canarias-lovers.com\/da\/bedste-rejsetidspunkt-gran-canaria-vejret\/\" target=\"_blank\" rel=\"noreferrer noopener\">Hvorn\u00e5r skal du tage af sted?<\/a><br\/><a href=\"https:\/\/canarias-lovers.com\/da\/hvor-mange-dage-gran-canaria\/\" target=\"_blank\" rel=\"noreferrer noopener\">Hvor mange dage<\/a><br\/><a href=\"https:\/\/canarias-lovers.com\/da\/gran-canaria-sikkert-farer\/\" target=\"_blank\" rel=\"noreferrer noopener\">Hvor sikkert er Gran Canaria?<\/a><br\/><a href=\"https:\/\/canarias-lovers.com\/da\/besog-gran-canaria-vinteren-vejr-sol-jul\/\" target=\"_blank\" rel=\"noreferrer noopener\">Gran Canaria om vinteren<\/a><\/p>\n\n<figure class=\"wp-block-image size-large\"><img decoding=\"async\" src=\"https:\/\/photos.smugmug.com\/Canarias-Lovers\/Gran-Canaria\/Best\/Hikes-nature\/i-WfQrQxZ\/0\/CrLgzm4q4HRMC5sgWkknswwBcbqQsZvGmwSzVLxfS\/L\/maspalomas-dunes-beach-L.jpg\" alt=\"Klitterne i Maspalomas\"\/><\/figure>\n\n<h2 class=\"wp-block-heading\"><span class=\"ez-toc-section\" id=\"2_Vaelg_hvor_du_vil_bo\"><\/span>2. V\u00e6lg, hvor du vil bo<span class=\"ez-toc-section-end\"><\/span><\/h2>\n\n<p><a href=\"https:\/\/canarias-lovers.com\/da\/hvor-skal-bo-gran-canaria-bedste-omrader\/\" target=\"_blank\" rel=\"noreferrer noopener\">Hvor kan man bo p\u00e5 Gran Canaria?<\/a><br\/><a href=\"https:\/\/canarias-lovers.com\/da\/gran-canaria-nord-eller-syd\/\" target=\"_blank\" rel=\"noreferrer noopener\">Gran Canaria: Nord eller syd?<\/a><\/p>\n\n<p><a href=\"https:\/\/canarias-lovers.com\/da\/bedste-5-stjernede-hoteller-grancanaria-luksus-anmeldelser\/\" target=\"_blank\" rel=\"noreferrer noopener\">5-stjernede hoteller<\/a><br\/><a href=\"https:\/\/canarias-lovers.com\/da\/bedste-boutique-hoteller-gran-canaria-charmerende\/\" target=\"_blank\" rel=\"noreferrer noopener\">Boutique-hoteller<\/a><br\/><a href=\"https:\/\/canarias-lovers.com\/da\/bedste-hoteller-familier-gran-canaria-born-anmeldelser\/\" target=\"_blank\" rel=\"noreferrer noopener\">Hoteller til familier<\/a><br\/><a href=\"https:\/\/canarias-lovers.com\/da\/bedste-hoteller-kun-for-voksne-adults-only-gran-canaria\/\" target=\"_blank\" rel=\"noreferrer noopener\">Bedste hoteller kun for voksne<\/a><\/p>\n\n<h2 class=\"wp-block-heading\"><span class=\"ez-toc-section\" id=\"3_Rejseplaner_inspiration_til_planlaegning\"><\/span>3. Rejseplaner: inspiration til planl\u00e6gning<span class=\"ez-toc-section-end\"><\/span><\/h2>\n\n<p>3 dage<br\/>4 dage  <br\/><a href=\"https:\/\/canarias-lovers.com\/da\/besog-5-dage-gran-canaria-rejseplan\/\" target=\"_blank\" rel=\"noreferrer noopener\">5 dage<\/a> <br\/><a href=\"https:\/\/canarias-lovers.com\/da\/besog-6-dage-gran-canaria-rejseplaner\/\" target=\"_blank\" rel=\"noreferrer noopener\">6 dage<\/a> <br\/><a href=\"https:\/\/canarias-lovers.com\/da\/besog-gran-canaria-en-uge-rejseplan\/\" target=\"_blank\" rel=\"noreferrer noopener\">1 uge<\/a> <br\/><a href=\"https:\/\/canarias-lovers.com\/da\/besog-10-dage-gran-canaria-rejseplan\/\" target=\"_blank\" rel=\"noreferrer noopener\">10 dage<\/a><\/p>\n\n<figure class=\"wp-block-image size-large\"><img decoding=\"async\" src=\"https:\/\/photos.smugmug.com\/Canarias-Lovers\/Gran-Canaria\/Best\/Hikes-nature\/i-6sD8Xjg\/0\/9NRcmdWfzG8qSzFDZZWzVnZddGVSpKqRrmtGBzfw\/L\/Roque-nublo-2-L.jpg\" alt=\"Roque Nublo\"\/><\/figure>\n\n<h2 class=\"wp-block-heading\"><span class=\"ez-toc-section\" id=\"4_Vaelg_dine_yndlingsattraktioner\"><\/span>4. V\u00e6lg dine yndlingsattraktioner<span class=\"ez-toc-section-end\"><\/span><\/h2>\n\n<p><a href=\"https:\/\/canarias-lovers.com\/da\/bedste-byer-gran-canaria-landsbyer\/\" target=\"_blank\" rel=\"noreferrer noopener\">De smukkeste byer (og landsbyer)<\/a><br\/><a href=\"https:\/\/canarias-lovers.com\/da\/bedste-strande-gran-canaria\/\" target=\"_blank\" rel=\"noreferrer noopener\">De smukkeste strande<\/a><br\/><a href=\"https:\/\/canarias-lovers.com\/da\/naturlige-pools-gran-canaria-laguner\/\" target=\"_blank\" rel=\"noreferrer noopener\">De bedste naturlige bassiner<\/a><br\/><a href=\"https:\/\/canarias-lovers.com\/da\/arkaeologiske-steder-gran-canaria\/\" target=\"_blank\" rel=\"noreferrer noopener\">Ark\u00e6ologiske steder<\/a><br\/><a href=\"https:\/\/canarias-lovers.com\/da\/bedste-restaurant-gran-canaria-spise-anmeldelser\/\" target=\"_blank\" rel=\"noreferrer noopener\">De bedste restauranter<\/a><br\/><a href=\"https:\/\/canarias-lovers.com\/da\/bedste-museer-gran-canaria\/\" target=\"_blank\" rel=\"noreferrer noopener\">De bedste museer<\/a><br\/><a href=\"https:\/\/canarias-lovers.com\/da\/hemmelige-steder-gran-canaria-skjulte-perler\/\" target=\"_blank\" rel=\"noreferrer noopener\">Hemmelige steder<\/a><br\/><a href=\"https:\/\/canarias-lovers.com\/da\/bedste-restaurant-gran-canaria-spise-anmeldelser\/\" target=\"_blank\" rel=\"noreferrer noopener\">De bedste restauranter<\/a><br\/><a href=\"https:\/\/canarias-lovers.com\/da\/forlystelsesparker-gran-canaria\/\" target=\"_blank\" rel=\"noreferrer noopener\">Forlystelsesparker<\/a><\/p>\n\n<h2 class=\"wp-block-heading\"><span class=\"ez-toc-section\" id=\"5_Praktiske_tips_til_at_blive_klar\"><\/span>5. Praktiske tips til at blive klar<span class=\"ez-toc-section-end\"><\/span><\/h2>\n\n<p><a href=\"https:\/\/canarias-lovers.com\/da\/at-komme-rundt-gran-canaria-transport\/\">S\u00e5dan kommer du rundt<\/a><br\/><a href=\"https:\/\/canarias-lovers.com\/da\/sadan-lejer-bil-gran-canaria-tips-erfaring\/\" target=\"_blank\" rel=\"noreferrer noopener\">Lej en bil p\u00e5 Gran Canaria<\/a><br\/><a href=\"https:\/\/canarias-lovers.com\/da\/korsel-gran-canaria-tips\/\" target=\"_blank\" rel=\"noreferrer noopener\">K\u00f8rsel p\u00e5 Gran Canaria<\/a><\/p>\n\n<figure class=\"wp-block-image size-large\"><img decoding=\"async\" src=\"https:\/\/photos.smugmug.com\/Canarias-Lovers\/Gran-Canaria\/Driving\/i-rqnNnCs\/1\/K2vBsfwzDDxR4MrZFM8KRsrf8NvNDFh8jBRfNsg5k\/L\/gran-Canaria-rental-car-driving-3-L.jpg\" alt=\"K&#xF8;rsel p&#xE5; Gran Canaria  \"\/><\/figure>\n\n<h2 class=\"wp-block-heading\"><span class=\"ez-toc-section\" id=\"6_Find_ud_af_mere_om_den_by_du_har_valgt_at_bo_i\"><\/span>6. Find ud af mere om den by, du har valgt at bo i<span class=\"ez-toc-section-end\"><\/span><\/h2>\n\n<p>Maspalomas: <a href=\"https:\/\/canarias-lovers.com\/da\/sevaerdigheder-maspalomas-besog\/\" target=\"_blank\" rel=\"noreferrer noopener\">sev\u00e6rdigheder<\/a> &#8211; <a href=\"https:\/\/canarias-lovers.com\/da\/hvor-skal-bo-maspalomas-bedste-hoteller-kvarterer\/\" target=\"_blank\" rel=\"noreferrer noopener\">hoteller<\/a> &#8211; <a href=\"https:\/\/canarias-lovers.com\/da\/bedste-udflugter-fra-maspalomas\/\" target=\"_blank\" rel=\"noreferrer noopener\">udflugter<\/a><br\/>Playa del Ingles: <a href=\"https:\/\/canarias-lovers.com\/da\/sevaerdigheder-playa-ingles-gran-canaria-besog\/\" target=\"_blank\" rel=\"noreferrer noopener\">sev\u00e6rdigheder<\/a> &#8211; <a href=\"https:\/\/canarias-lovers.com\/da\/hvor-skal-bo-playa-del-ingles-gran-canaria-bedste-hoteller-kvarterer\/\" target=\"_blank\" rel=\"noreferrer noopener\">hoteller<\/a><br\/>Meloneras: <a href=\"https:\/\/canarias-lovers.com\/da\/sevaerdigheder-meloneras-gran-canaria-besog\/\" target=\"_blank\" rel=\"noreferrer noopener\">sev\u00e6rdigheder<\/a> &#8211; <a href=\"https:\/\/canarias-lovers.com\/da\/meilleurs-hotels-5-etoiles-meloneras-luxe-avis-2\/\" target=\"_blank\" rel=\"noreferrer noopener\">hoteller<\/a><br\/>Puerto de Mogan: <a href=\"https:\/\/canarias-lovers.com\/da\/sevaerdigheder-puerto-mogan-besog\/\" target=\"_blank\" rel=\"noreferrer noopener\">hvad man kan lave<\/a> &#8211; <a href=\"https:\/\/canarias-lovers.com\/da\/hvor-skal-bo-puerto-mogan-bedste-hoteller-kvarterer\/\" target=\"_blank\" rel=\"noreferrer noopener\">hoteller<\/a> &#8211; <a href=\"https:\/\/canarias-lovers.com\/da\/bedste-restaurant-puerto-de-mogan-gran-canaria-spise-anmeldelser\/\" target=\"_blank\" rel=\"noreferrer noopener\">restauranter<\/a><br\/>Puerto Rico: <a href=\"https:\/\/canarias-lovers.com\/da\/sevaerdigheder-puerto-rico-gran-canaria-bezoeken\/\" target=\"_blank\" rel=\"noreferrer noopener\">hvad man kan lave<\/a> &#8211; <a href=\"https:\/\/canarias-lovers.com\/da\/hvor-skal-bo-puerto-rico-gran-canaria-bedste-hoteller-kvarterer\/\" target=\"_blank\" rel=\"noreferrer noopener\">hoteller<\/a> &#8211; <a href=\"https:\/\/canarias-lovers.com\/da\/bedste-restaurant-puerto-rico-gran-canaria-spise-anmeldelser\/\" target=\"_blank\" rel=\"noreferrer noopener\">restauranter<\/a><\/p>\n\n<h2 class=\"wp-block-heading\"><span class=\"ez-toc-section\" id=\"7_De_vigtigste_ting\"><\/span>7. De vigtigste ting<span class=\"ez-toc-section-end\"><\/span><\/h2>\n\n<p><a href=\"https:\/\/canarias-lovers.com\/da\/sevaerdigheder-agaete-besog\/\" target=\"_blank\" rel=\"noreferrer noopener\">Agaete<\/a><br\/><a href=\"https:\/\/canarias-lovers.com\/da\/dunes-maspalomas-gran-canaria-2\/\" target=\"_blank\" rel=\"noreferrer noopener\">Klitterne i Maspalomas<\/a><br\/><a href=\"https:\/\/canarias-lovers.com\/da\/sevaerdigheder-aguimes-gran-canaria-besog\/\" target=\"_blank\" rel=\"noreferrer noopener\">Agu\u00efmes<\/a><br\/><a href=\"https:\/\/canarias-lovers.com\/da\/vandring-roque-nublo-gran-canaria\/\" target=\"_blank\" rel=\"noreferrer noopener\">Roque Nublo<\/a><br\/><a href=\"https:\/\/canarias-lovers.com\/da\/barranco-guayadeque-gran-canaria-2\/\" target=\"_blank\" rel=\"noreferrer noopener\">Barranco de Guayadeque<\/a><\/p>\n\n<figure class=\"wp-block-image size-large\"><img decoding=\"async\" src=\"https:\/\/photos.smugmug.com\/Canarias-Lovers\/Gran-Canaria\/Best\/Villages-towns\/i-Dtd362z\/0\/Cx2cHc7cZC6dgk9KCFMzFBK5jC6xqDssdKGmcNgvz\/L\/ueblo_Aguimes-L.jpg\" alt=\"Agu&#xEF;mes\"\/><\/figure>\n\n<figure class=\"wp-block-image size-medium\"><img loading=\"lazy\" decoding=\"async\" width=\"300\" height=\"300\" src=\"https:\/\/canarias-lovers.com\/wp-content\/uploads\/2025\/08\/Gran-Canaria-300x300.jpg\" alt=\"Gran Canaria\" class=\"wp-image-7519\" srcset=\"https:\/\/canarias-lovers.com\/wp-content\/uploads\/2025\/08\/Gran-Canaria-300x300.jpg 300w, https:\/\/canarias-lovers.com\/wp-content\/uploads\/2025\/08\/Gran-Canaria-150x150.jpg 150w, https:\/\/canarias-lovers.com\/wp-content\/uploads\/2025\/08\/Gran-Canaria-768x768.jpg 768w, https:\/\/canarias-lovers.com\/wp-content\/uploads\/2025\/08\/Gran-Canaria-75x75.jpg 75w, https:\/\/canarias-lovers.com\/wp-content\/uploads\/2025\/08\/Gran-Canaria-600x600.jpg 600w, https:\/\/canarias-lovers.com\/wp-content\/uploads\/2025\/08\/Gran-Canaria.jpg 800w\" sizes=\"auto, (max-width: 300px) 100vw, 300px\" \/><\/figure>\n","protected":false},"excerpt":{"rendered":"<p>Begynd her!Her er vores vigtigste artikler, som kan hj\u00e6lpe dig med at planl\u00e6gge din rejse til Gran Canaria.Ganske enkelt. 1. Beslut, om Gran Canaria er den rigtige destination for dig, og hvorn\u00e5r du skal rejse Hvorfor tage til Gran CanariaDe smukkeste landskaberSev\u00e6rdigheder p\u00e5 Gran CanariaHvorn\u00e5r skal du tage af sted?Hvor mange dageHvor sikkert er Gran [&hellip;]<\/p>\n","protected":false},"author":1,"featured_media":7520,"parent":0,"menu_order":0,"comment_status":"closed","ping_status":"closed","template":"","meta":{"_genesis_hide_title":false,"_genesis_hide_breadcrumbs":false,"_genesis_hide_singular_image":false,"_genesis_hide_footer_widgets":false,"_genesis_custom_body_class":"","_genesis_custom_post_class":"","_genesis_layout":"","footnotes":""},"class_list":{"0":"post-7541","1":"page","2":"type-page","3":"status-publish","4":"has-post-thumbnail","6":"entry"},"yoast_head":"<!-- This site is optimized with the Yoast SEO plugin v27.2 - https:\/\/yoast.com\/product\/yoast-seo-wordpress\/ -->\n<title>Gran Canaria: alt hvad du beh\u00f8ver for at planl\u00e6gge din rejse<\/title>\n<meta name=\"description\" content=\"Alle de oplysninger, du har brug for til at planl\u00e6gge den perfekte rejse til Gran Canaria! Sev\u00e6rdigheder, rejseplaner, gode r\u00e5d\" \/>\n<meta name=\"robots\" content=\"index, follow, max-snippet:-1, max-image-preview:large, max-video-preview:-1\" \/>\n<link rel=\"canonical\" href=\"https:\/\/canarias-lovers.com\/da\/gran-canaria-canarias\/\" \/>\n<meta property=\"og:locale\" content=\"da_DK\" \/>\n<meta property=\"og:type\" content=\"article\" \/>\n<meta property=\"og:title\" content=\"Gran Canaria: alt hvad du beh\u00f8ver for at planl\u00e6gge din rejse\" \/>\n<meta property=\"og:description\" content=\"Alle de oplysninger, du har brug for til at planl\u00e6gge den perfekte rejse til Gran Canaria! Sev\u00e6rdigheder, rejseplaner, gode r\u00e5d\" \/>\n<meta property=\"og:url\" content=\"https:\/\/canarias-lovers.com\/da\/gran-canaria-canarias\/\" \/>\n<meta property=\"og:site_name\" content=\"Canarias Lovers: Tenerife + Gran Canaria\" \/>\n<meta property=\"article:modified_time\" content=\"2026-01-18T09:57:48+00:00\" \/>\n<meta property=\"og:image\" content=\"https:\/\/canarias-lovers.com\/wp-content\/uploads\/2025\/08\/Gran-Canaria.jpg\" \/>\n\t<meta property=\"og:image:width\" content=\"800\" \/>\n\t<meta property=\"og:image:height\" content=\"800\" \/>\n\t<meta property=\"og:image:type\" content=\"image\/jpeg\" \/>\n<meta name=\"twitter:card\" content=\"summary_large_image\" \/>\n<meta name=\"twitter:label1\" content=\"Estimeret l\u00e6setid\" \/>\n\t<meta name=\"twitter:data1\" content=\"1 minut\" \/>\n<script type=\"application\/ld+json\" class=\"yoast-schema-graph\">{\"@context\":\"https:\/\/schema.org\",\"@graph\":[{\"@type\":\"WebPage\",\"@id\":\"https:\/\/canarias-lovers.com\/da\/gran-canaria-canarias\/\",\"url\":\"https:\/\/canarias-lovers.com\/da\/gran-canaria-canarias\/\",\"name\":\"Gran Canaria: alt hvad du beh\u00f8ver for at planl\u00e6gge din rejse\",\"isPartOf\":{\"@id\":\"https:\/\/canarias-lovers.com\/da\/#website\"},\"primaryImageOfPage\":{\"@id\":\"https:\/\/canarias-lovers.com\/da\/gran-canaria-canarias\/#primaryimage\"},\"image\":{\"@id\":\"https:\/\/canarias-lovers.com\/da\/gran-canaria-canarias\/#primaryimage\"},\"thumbnailUrl\":\"https:\/\/canarias-lovers.com\/wp-content\/uploads\/2025\/08\/Gran-Canaria.jpg\",\"datePublished\":\"2025-08-12T07:06:58+00:00\",\"dateModified\":\"2026-01-18T09:57:48+00:00\",\"description\":\"Alle de oplysninger, du har brug for til at planl\u00e6gge den perfekte rejse til Gran Canaria! Sev\u00e6rdigheder, rejseplaner, gode r\u00e5d\",\"breadcrumb\":{\"@id\":\"https:\/\/canarias-lovers.com\/da\/gran-canaria-canarias\/#breadcrumb\"},\"inLanguage\":\"da-DK\",\"potentialAction\":[{\"@type\":\"ReadAction\",\"target\":[\"https:\/\/canarias-lovers.com\/da\/gran-canaria-canarias\/\"]}]},{\"@type\":\"ImageObject\",\"inLanguage\":\"da-DK\",\"@id\":\"https:\/\/canarias-lovers.com\/da\/gran-canaria-canarias\/#primaryimage\",\"url\":\"https:\/\/canarias-lovers.com\/wp-content\/uploads\/2025\/08\/Gran-Canaria.jpg\",\"contentUrl\":\"https:\/\/canarias-lovers.com\/wp-content\/uploads\/2025\/08\/Gran-Canaria.jpg\",\"width\":800,\"height\":800,\"caption\":\"Gran Canaria\"},{\"@type\":\"BreadcrumbList\",\"@id\":\"https:\/\/canarias-lovers.com\/da\/gran-canaria-canarias\/#breadcrumb\",\"itemListElement\":[{\"@type\":\"ListItem\",\"position\":1,\"name\":\"Accueil\",\"item\":\"https:\/\/canarias-lovers.com\/da\/\"},{\"@type\":\"ListItem\",\"position\":2,\"name\":\"Gran Canaria: alt hvad du beh\u00f8ver for at planl\u00e6gge din rejse\"}]},{\"@type\":\"WebSite\",\"@id\":\"https:\/\/canarias-lovers.com\/da\/#website\",\"url\":\"https:\/\/canarias-lovers.com\/da\/\",\"name\":\"Canarias Lovers: Tenerife + Gran Canaria\",\"description\":\"Claire og Manus blog\",\"publisher\":{\"@id\":\"https:\/\/canarias-lovers.com\/da\/#organization\"},\"potentialAction\":[{\"@type\":\"SearchAction\",\"target\":{\"@type\":\"EntryPoint\",\"urlTemplate\":\"https:\/\/canarias-lovers.com\/da\/?s={search_term_string}\"},\"query-input\":{\"@type\":\"PropertyValueSpecification\",\"valueRequired\":true,\"valueName\":\"search_term_string\"}}],\"inLanguage\":\"da-DK\"},{\"@type\":\"Organization\",\"@id\":\"https:\/\/canarias-lovers.com\/da\/#organization\",\"name\":\"Canarias Lovers: Tenerife + Gran Canaria\",\"url\":\"https:\/\/canarias-lovers.com\/da\/\",\"logo\":{\"@type\":\"ImageObject\",\"inLanguage\":\"da-DK\",\"@id\":\"https:\/\/canarias-lovers.com\/da\/#\/schema\/logo\/image\/\",\"url\":\"https:\/\/canarias-lovers.com\/wp-content\/uploads\/2024\/05\/cropped-Canarias-Lovers-Logo.png\",\"contentUrl\":\"https:\/\/canarias-lovers.com\/wp-content\/uploads\/2024\/05\/cropped-Canarias-Lovers-Logo.png\",\"width\":2635,\"height\":595,\"caption\":\"Canarias Lovers: Tenerife + Gran Canaria\"},\"image\":{\"@id\":\"https:\/\/canarias-lovers.com\/da\/#\/schema\/logo\/image\/\"}}]}<\/script>\n<!-- \/ Yoast SEO plugin. -->","yoast_head_json":{"title":"Gran Canaria: alt hvad du beh\u00f8ver for at planl\u00e6gge din rejse","description":"Alle de oplysninger, du har brug for til at planl\u00e6gge den perfekte rejse til Gran Canaria! Sev\u00e6rdigheder, rejseplaner, gode r\u00e5d","robots":{"index":"index","follow":"follow","max-snippet":"max-snippet:-1","max-image-preview":"max-image-preview:large","max-video-preview":"max-video-preview:-1"},"canonical":"https:\/\/canarias-lovers.com\/da\/gran-canaria-canarias\/","og_locale":"da_DK","og_type":"article","og_title":"Gran Canaria: alt hvad du beh\u00f8ver for at planl\u00e6gge din rejse","og_description":"Alle de oplysninger, du har brug for til at planl\u00e6gge den perfekte rejse til Gran Canaria! Sev\u00e6rdigheder, rejseplaner, gode r\u00e5d","og_url":"https:\/\/canarias-lovers.com\/da\/gran-canaria-canarias\/","og_site_name":"Canarias Lovers: Tenerife + Gran Canaria","article_modified_time":"2026-01-18T09:57:48+00:00","og_image":[{"width":800,"height":800,"url":"https:\/\/canarias-lovers.com\/wp-content\/uploads\/2025\/08\/Gran-Canaria.jpg","type":"image\/jpeg"}],"twitter_card":"summary_large_image","twitter_misc":{"Estimeret l\u00e6setid":"1 minut"},"schema":{"@context":"https:\/\/schema.org","@graph":[{"@type":"WebPage","@id":"https:\/\/canarias-lovers.com\/da\/gran-canaria-canarias\/","url":"https:\/\/canarias-lovers.com\/da\/gran-canaria-canarias\/","name":"Gran Canaria: alt hvad du beh\u00f8ver for at planl\u00e6gge din rejse","isPartOf":{"@id":"https:\/\/canarias-lovers.com\/da\/#website"},"primaryImageOfPage":{"@id":"https:\/\/canarias-lovers.com\/da\/gran-canaria-canarias\/#primaryimage"},"image":{"@id":"https:\/\/canarias-lovers.com\/da\/gran-canaria-canarias\/#primaryimage"},"thumbnailUrl":"https:\/\/canarias-lovers.com\/wp-content\/uploads\/2025\/08\/Gran-Canaria.jpg","datePublished":"2025-08-12T07:06:58+00:00","dateModified":"2026-01-18T09:57:48+00:00","description":"Alle de oplysninger, du har brug for til at planl\u00e6gge den perfekte rejse til Gran Canaria! Sev\u00e6rdigheder, rejseplaner, gode r\u00e5d","breadcrumb":{"@id":"https:\/\/canarias-lovers.com\/da\/gran-canaria-canarias\/#breadcrumb"},"inLanguage":"da-DK","potentialAction":[{"@type":"ReadAction","target":["https:\/\/canarias-lovers.com\/da\/gran-canaria-canarias\/"]}]},{"@type":"ImageObject","inLanguage":"da-DK","@id":"https:\/\/canarias-lovers.com\/da\/gran-canaria-canarias\/#primaryimage","url":"https:\/\/canarias-lovers.com\/wp-content\/uploads\/2025\/08\/Gran-Canaria.jpg","contentUrl":"https:\/\/canarias-lovers.com\/wp-content\/uploads\/2025\/08\/Gran-Canaria.jpg","width":800,"height":800,"caption":"Gran Canaria"},{"@type":"BreadcrumbList","@id":"https:\/\/canarias-lovers.com\/da\/gran-canaria-canarias\/#breadcrumb","itemListElement":[{"@type":"ListItem","position":1,"name":"Accueil","item":"https:\/\/canarias-lovers.com\/da\/"},{"@type":"ListItem","position":2,"name":"Gran Canaria: alt hvad du beh\u00f8ver for at planl\u00e6gge din rejse"}]},{"@type":"WebSite","@id":"https:\/\/canarias-lovers.com\/da\/#website","url":"https:\/\/canarias-lovers.com\/da\/","name":"Canarias Lovers: Tenerife + Gran Canaria","description":"Claire og Manus blog","publisher":{"@id":"https:\/\/canarias-lovers.com\/da\/#organization"},"potentialAction":[{"@type":"SearchAction","target":{"@type":"EntryPoint","urlTemplate":"https:\/\/canarias-lovers.com\/da\/?s={search_term_string}"},"query-input":{"@type":"PropertyValueSpecification","valueRequired":true,"valueName":"search_term_string"}}],"inLanguage":"da-DK"},{"@type":"Organization","@id":"https:\/\/canarias-lovers.com\/da\/#organization","name":"Canarias Lovers: Tenerife + Gran Canaria","url":"https:\/\/canarias-lovers.com\/da\/","logo":{"@type":"ImageObject","inLanguage":"da-DK","@id":"https:\/\/canarias-lovers.com\/da\/#\/schema\/logo\/image\/","url":"https:\/\/canarias-lovers.com\/wp-content\/uploads\/2024\/05\/cropped-Canarias-Lovers-Logo.png","contentUrl":"https:\/\/canarias-lovers.com\/wp-content\/uploads\/2024\/05\/cropped-Canarias-Lovers-Logo.png","width":2635,"height":595,"caption":"Canarias Lovers: Tenerife + Gran Canaria"},"image":{"@id":"https:\/\/canarias-lovers.com\/da\/#\/schema\/logo\/image\/"}}]}},"featured_image_src":"https:\/\/canarias-lovers.com\/wp-content\/uploads\/2025\/08\/Gran-Canaria-600x400.jpg","featured_image_src_square":"https:\/\/canarias-lovers.com\/wp-content\/uploads\/2025\/08\/Gran-Canaria-600x600.jpg","_links":{"self":[{"href":"https:\/\/canarias-lovers.com\/da\/wp-json\/wp\/v2\/pages\/7541","targetHints":{"allow":["GET"]}}],"collection":[{"href":"https:\/\/canarias-lovers.com\/da\/wp-json\/wp\/v2\/pages"}],"about":[{"href":"https:\/\/canarias-lovers.com\/da\/wp-json\/wp\/v2\/types\/page"}],"author":[{"embeddable":true,"href":"https:\/\/canarias-lovers.com\/da\/wp-json\/wp\/v2\/users\/1"}],"replies":[{"embeddable":true,"href":"https:\/\/canarias-lovers.com\/da\/wp-json\/wp\/v2\/comments?post=7541"}],"version-history":[{"count":0,"href":"https:\/\/canarias-lovers.com\/da\/wp-json\/wp\/v2\/pages\/7541\/revisions"}],"wp:featuredmedia":[{"embeddable":true,"href":"https:\/\/canarias-lovers.com\/da\/wp-json\/wp\/v2\/media\/7520"}],"wp:attachment":[{"href":"https:\/\/canarias-lovers.com\/da\/wp-json\/wp\/v2\/media?parent=7541"}],"curies":[{"name":"wp","href":"https:\/\/api.w.org\/{rel}","templated":true}]}}