{"id":241,"date":"2024-05-26T07:32:28","date_gmt":"2024-05-26T07:32:28","guid":{"rendered":"https:\/\/canarias-lovers.com\/severine-harzo\/"},"modified":"2024-05-26T07:32:40","modified_gmt":"2024-05-26T07:32:40","slug":"severine-harzo","status":"publish","type":"page","link":"https:\/\/canarias-lovers.com\/da\/severine-harzo\/","title":{"rendered":"Om S\u00e8verine HARZO"},"content":{"rendered":"\n<p>M\u00f8d S\u00e8verine, en medarbejder hos Region Lovers, en glad virksomhed, der har rejst verden rundt i over 10 \u00e5r for at give dig certificeret og nyttig information af h\u00f8j kvalitet. Vi vil gerne hj\u00e6lpe dig med at tr\u00e6ffe de valg, du har brug for, for at skabe en rejse, der passer til dig.<\/p>\n\n<p>Teamet er vokset gennem \u00e5rene, men S\u00e8verine, som alle Region Lovers, holder sig til en ramme og v\u00e6rdier for at opfylde vores tillidskontrakt med vores l\u00e6sere. Men heldigvis er hver artikel altid en afspejling af forfatteren og hans eller hendes passioner.<\/p>\n<div class=\"wp-block-image\">\n<figure class=\"aligncenter size-large\"><img decoding=\"async\" src=\"https:\/\/photos.smugmug.com\/Region-Lovers\/Equipe\/i-gFtV6Dq\/0\/C6RSrhKpdND9MjrwpgnJSBdMhs3jLBgbGtBgdHX2x\/L\/severine-2-L.jpg\" alt=\"\"\/><\/figure>\n<\/div>\n<h2 class=\"wp-block-heading\"><span class=\"ez-toc-section\" id=\"Hans_karriere\"><\/span>Hans karriere<span class=\"ez-toc-section-end\"><\/span><\/h2>\n\n<ul class=\"wp-block-list\">\n<li>Juridisk uddannelse (jurastudium) anvendt p\u00e5 mode (IFM, London College of Fashion).<\/li>\n\n\n\n<li>20 \u00e5rs international journalistikClaire, D\u00e9p\u00eache Mode, Vogue, Cosmopolitan, Mirabella&#8230;) og meget mere skriveri.<\/li>\n\n\n\n<li>Hun sluttede sig til Region Lovers i januar 2024!<\/li>\n<\/ul>\n\n<p class=\"has-text-align-left\">Opdag din <a href=\"https:\/\/www.linkedin.com\/in\/severineharzo\/\" target=\"_blank\" rel=\"noreferrer noopener nofollow\">Linkedin-profil<\/a><\/p>\n\n<h2 class=\"wp-block-heading\"><span class=\"ez-toc-section\" id=\"Hvad_hun_isaer_holder_af_at_skrive\"><\/span>Hvad hun is\u00e6r holder af at skrive<span class=\"ez-toc-section-end\"><\/span><\/h2>\n\n<ul class=\"wp-block-list\">\n<li>Artikler om steder, alle steder, s\u00e5 l\u00e6nge de har historier at fort\u00e6lle.<\/li>\n\n\n\n<li>Det store udland (byer og natur) til m\u00f8der og f\u00f8lelsen af frihed.<\/li>\n\n\n\n<li>Se p\u00e5 lokale destinationer med andre \u00f8jne, for eventyret er ikke altid s\u00e5 langt v\u00e6k, som du tror.<\/li>\n<\/ul>\n","protected":false},"excerpt":{"rendered":"<p>M\u00f8d S\u00e8verine, en medarbejder hos Region Lovers, en glad virksomhed, der har rejst verden rundt i over 10 \u00e5r for at give dig certificeret og nyttig information af h\u00f8j kvalitet. Vi vil gerne hj\u00e6lpe dig med at tr\u00e6ffe de valg, du har brug for, for at skabe en rejse, der passer til dig. Teamet er [&hellip;]<\/p>\n","protected":false},"author":1,"featured_media":0,"parent":0,"menu_order":0,"comment_status":"closed","ping_status":"closed","template":"","meta":{"_genesis_hide_title":false,"_genesis_hide_breadcrumbs":false,"_genesis_hide_singular_image":false,"_genesis_hide_footer_widgets":false,"_genesis_custom_body_class":"","_genesis_custom_post_class":"","_genesis_layout":"","footnotes":""},"class_list":{"0":"post-241","1":"page","2":"type-page","3":"status-publish","5":"entry"},"yoast_head":"<!-- This site is optimized with the Yoast SEO plugin v27.2 - https:\/\/yoast.com\/product\/yoast-seo-wordpress\/ -->\n<title>Om S\u00e8verine HARZO<\/title>\n<meta name=\"robots\" content=\"index, follow, max-snippet:-1, max-image-preview:large, max-video-preview:-1\" \/>\n<link rel=\"canonical\" href=\"https:\/\/canarias-lovers.com\/da\/severine-harzo\/\" \/>\n<meta property=\"og:locale\" content=\"da_DK\" \/>\n<meta property=\"og:type\" content=\"article\" \/>\n<meta property=\"og:title\" content=\"Om S\u00e8verine HARZO\" \/>\n<meta property=\"og:description\" content=\"M\u00f8d S\u00e8verine, en medarbejder hos Region Lovers, en glad virksomhed, der har rejst verden rundt i over 10 \u00e5r for at give dig certificeret og nyttig information af h\u00f8j kvalitet. Vi vil gerne hj\u00e6lpe dig med at tr\u00e6ffe de valg, du har brug for, for at skabe en rejse, der passer til dig. Teamet er [&hellip;]\" \/>\n<meta property=\"og:url\" content=\"https:\/\/canarias-lovers.com\/da\/severine-harzo\/\" \/>\n<meta property=\"og:site_name\" content=\"Canarias Lovers: Tenerife + Gran Canaria\" \/>\n<meta property=\"article:modified_time\" content=\"2024-05-26T07:32:40+00:00\" \/>\n<meta property=\"og:image\" content=\"https:\/\/photos.smugmug.com\/Region-Lovers\/Equipe\/i-gFtV6Dq\/0\/C6RSrhKpdND9MjrwpgnJSBdMhs3jLBgbGtBgdHX2x\/L\/severine-2-L.jpg\" \/>\n<meta name=\"twitter:card\" content=\"summary_large_image\" \/>\n<meta name=\"twitter:label1\" content=\"Estimeret l\u00e6setid\" \/>\n\t<meta name=\"twitter:data1\" content=\"1 minut\" \/>\n<script type=\"application\/ld+json\" class=\"yoast-schema-graph\">{\"@context\":\"https:\/\/schema.org\",\"@graph\":[{\"@type\":\"WebPage\",\"@id\":\"https:\/\/canarias-lovers.com\/da\/severine-harzo\/\",\"url\":\"https:\/\/canarias-lovers.com\/da\/severine-harzo\/\",\"name\":\"Om S\u00e8verine HARZO\",\"isPartOf\":{\"@id\":\"https:\/\/canarias-lovers.com\/da\/#website\"},\"primaryImageOfPage\":{\"@id\":\"https:\/\/canarias-lovers.com\/da\/severine-harzo\/#primaryimage\"},\"image\":{\"@id\":\"https:\/\/canarias-lovers.com\/da\/severine-harzo\/#primaryimage\"},\"thumbnailUrl\":\"https:\/\/photos.smugmug.com\/Region-Lovers\/Equipe\/i-gFtV6Dq\/0\/C6RSrhKpdND9MjrwpgnJSBdMhs3jLBgbGtBgdHX2x\/L\/severine-2-L.jpg\",\"datePublished\":\"2024-05-26T07:32:28+00:00\",\"dateModified\":\"2024-05-26T07:32:40+00:00\",\"breadcrumb\":{\"@id\":\"https:\/\/canarias-lovers.com\/da\/severine-harzo\/#breadcrumb\"},\"inLanguage\":\"da-DK\",\"potentialAction\":[{\"@type\":\"ReadAction\",\"target\":[\"https:\/\/canarias-lovers.com\/da\/severine-harzo\/\"]}]},{\"@type\":\"ImageObject\",\"inLanguage\":\"da-DK\",\"@id\":\"https:\/\/canarias-lovers.com\/da\/severine-harzo\/#primaryimage\",\"url\":\"https:\/\/photos.smugmug.com\/Region-Lovers\/Equipe\/i-gFtV6Dq\/0\/C6RSrhKpdND9MjrwpgnJSBdMhs3jLBgbGtBgdHX2x\/L\/severine-2-L.jpg\",\"contentUrl\":\"https:\/\/photos.smugmug.com\/Region-Lovers\/Equipe\/i-gFtV6Dq\/0\/C6RSrhKpdND9MjrwpgnJSBdMhs3jLBgbGtBgdHX2x\/L\/severine-2-L.jpg\"},{\"@type\":\"BreadcrumbList\",\"@id\":\"https:\/\/canarias-lovers.com\/da\/severine-harzo\/#breadcrumb\",\"itemListElement\":[{\"@type\":\"ListItem\",\"position\":1,\"name\":\"Accueil\",\"item\":\"https:\/\/canarias-lovers.com\/da\/\"},{\"@type\":\"ListItem\",\"position\":2,\"name\":\"Om S\u00e8verine HARZO\"}]},{\"@type\":\"WebSite\",\"@id\":\"https:\/\/canarias-lovers.com\/da\/#website\",\"url\":\"https:\/\/canarias-lovers.com\/da\/\",\"name\":\"Canarias Lovers: Tenerife + Gran Canaria\",\"description\":\"Claire og Manus blog\",\"publisher\":{\"@id\":\"https:\/\/canarias-lovers.com\/da\/#organization\"},\"potentialAction\":[{\"@type\":\"SearchAction\",\"target\":{\"@type\":\"EntryPoint\",\"urlTemplate\":\"https:\/\/canarias-lovers.com\/da\/?s={search_term_string}\"},\"query-input\":{\"@type\":\"PropertyValueSpecification\",\"valueRequired\":true,\"valueName\":\"search_term_string\"}}],\"inLanguage\":\"da-DK\"},{\"@type\":\"Organization\",\"@id\":\"https:\/\/canarias-lovers.com\/da\/#organization\",\"name\":\"Canarias Lovers: Tenerife + Gran Canaria\",\"url\":\"https:\/\/canarias-lovers.com\/da\/\",\"logo\":{\"@type\":\"ImageObject\",\"inLanguage\":\"da-DK\",\"@id\":\"https:\/\/canarias-lovers.com\/da\/#\/schema\/logo\/image\/\",\"url\":\"https:\/\/canarias-lovers.com\/wp-content\/uploads\/2024\/05\/cropped-Canarias-Lovers-Logo.png\",\"contentUrl\":\"https:\/\/canarias-lovers.com\/wp-content\/uploads\/2024\/05\/cropped-Canarias-Lovers-Logo.png\",\"width\":2635,\"height\":595,\"caption\":\"Canarias Lovers: Tenerife + Gran Canaria\"},\"image\":{\"@id\":\"https:\/\/canarias-lovers.com\/da\/#\/schema\/logo\/image\/\"}}]}<\/script>\n<!-- \/ Yoast SEO plugin. -->","yoast_head_json":{"title":"Om S\u00e8verine HARZO","robots":{"index":"index","follow":"follow","max-snippet":"max-snippet:-1","max-image-preview":"max-image-preview:large","max-video-preview":"max-video-preview:-1"},"canonical":"https:\/\/canarias-lovers.com\/da\/severine-harzo\/","og_locale":"da_DK","og_type":"article","og_title":"Om S\u00e8verine HARZO","og_description":"M\u00f8d S\u00e8verine, en medarbejder hos Region Lovers, en glad virksomhed, der har rejst verden rundt i over 10 \u00e5r for at give dig certificeret og nyttig information af h\u00f8j kvalitet. Vi vil gerne hj\u00e6lpe dig med at tr\u00e6ffe de valg, du har brug for, for at skabe en rejse, der passer til dig. Teamet er [&hellip;]","og_url":"https:\/\/canarias-lovers.com\/da\/severine-harzo\/","og_site_name":"Canarias Lovers: Tenerife + Gran Canaria","article_modified_time":"2024-05-26T07:32:40+00:00","og_image":[{"url":"https:\/\/photos.smugmug.com\/Region-Lovers\/Equipe\/i-gFtV6Dq\/0\/C6RSrhKpdND9MjrwpgnJSBdMhs3jLBgbGtBgdHX2x\/L\/severine-2-L.jpg","type":"","width":"","height":""}],"twitter_card":"summary_large_image","twitter_misc":{"Estimeret l\u00e6setid":"1 minut"},"schema":{"@context":"https:\/\/schema.org","@graph":[{"@type":"WebPage","@id":"https:\/\/canarias-lovers.com\/da\/severine-harzo\/","url":"https:\/\/canarias-lovers.com\/da\/severine-harzo\/","name":"Om S\u00e8verine HARZO","isPartOf":{"@id":"https:\/\/canarias-lovers.com\/da\/#website"},"primaryImageOfPage":{"@id":"https:\/\/canarias-lovers.com\/da\/severine-harzo\/#primaryimage"},"image":{"@id":"https:\/\/canarias-lovers.com\/da\/severine-harzo\/#primaryimage"},"thumbnailUrl":"https:\/\/photos.smugmug.com\/Region-Lovers\/Equipe\/i-gFtV6Dq\/0\/C6RSrhKpdND9MjrwpgnJSBdMhs3jLBgbGtBgdHX2x\/L\/severine-2-L.jpg","datePublished":"2024-05-26T07:32:28+00:00","dateModified":"2024-05-26T07:32:40+00:00","breadcrumb":{"@id":"https:\/\/canarias-lovers.com\/da\/severine-harzo\/#breadcrumb"},"inLanguage":"da-DK","potentialAction":[{"@type":"ReadAction","target":["https:\/\/canarias-lovers.com\/da\/severine-harzo\/"]}]},{"@type":"ImageObject","inLanguage":"da-DK","@id":"https:\/\/canarias-lovers.com\/da\/severine-harzo\/#primaryimage","url":"https:\/\/photos.smugmug.com\/Region-Lovers\/Equipe\/i-gFtV6Dq\/0\/C6RSrhKpdND9MjrwpgnJSBdMhs3jLBgbGtBgdHX2x\/L\/severine-2-L.jpg","contentUrl":"https:\/\/photos.smugmug.com\/Region-Lovers\/Equipe\/i-gFtV6Dq\/0\/C6RSrhKpdND9MjrwpgnJSBdMhs3jLBgbGtBgdHX2x\/L\/severine-2-L.jpg"},{"@type":"BreadcrumbList","@id":"https:\/\/canarias-lovers.com\/da\/severine-harzo\/#breadcrumb","itemListElement":[{"@type":"ListItem","position":1,"name":"Accueil","item":"https:\/\/canarias-lovers.com\/da\/"},{"@type":"ListItem","position":2,"name":"Om S\u00e8verine HARZO"}]},{"@type":"WebSite","@id":"https:\/\/canarias-lovers.com\/da\/#website","url":"https:\/\/canarias-lovers.com\/da\/","name":"Canarias Lovers: Tenerife + Gran Canaria","description":"Claire og Manus blog","publisher":{"@id":"https:\/\/canarias-lovers.com\/da\/#organization"},"potentialAction":[{"@type":"SearchAction","target":{"@type":"EntryPoint","urlTemplate":"https:\/\/canarias-lovers.com\/da\/?s={search_term_string}"},"query-input":{"@type":"PropertyValueSpecification","valueRequired":true,"valueName":"search_term_string"}}],"inLanguage":"da-DK"},{"@type":"Organization","@id":"https:\/\/canarias-lovers.com\/da\/#organization","name":"Canarias Lovers: Tenerife + Gran Canaria","url":"https:\/\/canarias-lovers.com\/da\/","logo":{"@type":"ImageObject","inLanguage":"da-DK","@id":"https:\/\/canarias-lovers.com\/da\/#\/schema\/logo\/image\/","url":"https:\/\/canarias-lovers.com\/wp-content\/uploads\/2024\/05\/cropped-Canarias-Lovers-Logo.png","contentUrl":"https:\/\/canarias-lovers.com\/wp-content\/uploads\/2024\/05\/cropped-Canarias-Lovers-Logo.png","width":2635,"height":595,"caption":"Canarias Lovers: Tenerife + Gran Canaria"},"image":{"@id":"https:\/\/canarias-lovers.com\/da\/#\/schema\/logo\/image\/"}}]}},"featured_image_src":null,"featured_image_src_square":null,"_links":{"self":[{"href":"https:\/\/canarias-lovers.com\/da\/wp-json\/wp\/v2\/pages\/241","targetHints":{"allow":["GET"]}}],"collection":[{"href":"https:\/\/canarias-lovers.com\/da\/wp-json\/wp\/v2\/pages"}],"about":[{"href":"https:\/\/canarias-lovers.com\/da\/wp-json\/wp\/v2\/types\/page"}],"author":[{"embeddable":true,"href":"https:\/\/canarias-lovers.com\/da\/wp-json\/wp\/v2\/users\/1"}],"replies":[{"embeddable":true,"href":"https:\/\/canarias-lovers.com\/da\/wp-json\/wp\/v2\/comments?post=241"}],"version-history":[{"count":0,"href":"https:\/\/canarias-lovers.com\/da\/wp-json\/wp\/v2\/pages\/241\/revisions"}],"wp:attachment":[{"href":"https:\/\/canarias-lovers.com\/da\/wp-json\/wp\/v2\/media?parent=241"}],"curies":[{"name":"wp","href":"https:\/\/api.w.org\/{rel}","templated":true}]}}